{"id":393,"date":"2022-10-04T13:24:10","date_gmt":"2022-10-04T13:24:10","guid":{"rendered":"https:\/\/nattuar.com\/?page_id=393"},"modified":"2025-08-28T14:45:28","modified_gmt":"2025-08-28T14:45:28","slug":"politica-de-privacidad-y-aviso-legal","status":"publish","type":"page","link":"https:\/\/nattuar.com\/de\/politica-de-privacidad-y-aviso-legal\/","title":{"rendered":"Datenschutzrichtlinie und rechtliche Hinweise"},"content":{"rendered":"<div data-elementor-type=\"wp-page\" data-elementor-id=\"393\" class=\"elementor elementor-393\" data-elementor-post-type=\"page\">\n\t\t\t\t\t\t<section class=\"elementor-section elementor-top-section elementor-element elementor-element-3ddf581 elementor-section-boxed elementor-section-height-default elementor-section-height-default\" data-id=\"3ddf581\" data-element_type=\"section\">\n\t\t\t\t\t\t<div class=\"elementor-container elementor-column-gap-default\">\n\t\t\t\t\t<div class=\"elementor-column elementor-col-100 elementor-top-column elementor-element elementor-element-68521e1\" data-id=\"68521e1\" data-element_type=\"column\">\n\t\t\t<div class=\"elementor-widget-wrap elementor-element-populated\">\n\t\t\t\t\t\t<div class=\"elementor-element elementor-element-caff02f elementor-widget elementor-widget-spacer\" data-id=\"caff02f\" data-element_type=\"widget\" data-widget_type=\"spacer.default\">\n\t\t\t\t<div class=\"elementor-widget-container\">\n\t\t\t\t\t\t\t<div class=\"elementor-spacer\">\n\t\t\t<div class=\"elementor-spacer-inner\"><\/div>\n\t\t<\/div>\n\t\t\t\t\t\t<\/div>\n\t\t\t\t<\/div>\n\t\t\t\t<div class=\"elementor-element elementor-element-84654dd elementor-widget elementor-widget-heading\" data-id=\"84654dd\" data-element_type=\"widget\" data-widget_type=\"heading.default\">\n\t\t\t\t<div class=\"elementor-widget-container\">\n\t\t\t\t\t<h1 class=\"elementor-heading-title elementor-size-default\">Datenschutz und Cookies<\/h1>\t\t\t\t<\/div>\n\t\t\t\t<\/div>\n\t\t\t\t\t<\/div>\n\t\t<\/div>\n\t\t\t\t\t<\/div>\n\t\t<\/section>\n\t\t\t\t<section class=\"elementor-section elementor-top-section elementor-element elementor-element-17c8fa8 elementor-section-boxed elementor-section-height-default elementor-section-height-default\" data-id=\"17c8fa8\" data-element_type=\"section\">\n\t\t\t\t\t\t<div class=\"elementor-container elementor-column-gap-default\">\n\t\t\t\t\t<div class=\"elementor-column elementor-col-100 elementor-top-column elementor-element elementor-element-29497ef\" data-id=\"29497ef\" data-element_type=\"column\">\n\t\t\t<div class=\"elementor-widget-wrap elementor-element-populated\">\n\t\t\t\t\t\t<div class=\"elementor-element elementor-element-c554465 elementor-widget elementor-widget-text-editor\" data-id=\"c554465\" data-element_type=\"widget\" data-widget_type=\"text-editor.default\">\n\t\t\t\t<div class=\"elementor-widget-container\">\n\t\t\t\t\t\t\t\t\t<p data-start=\"290\" data-end=\"759\"><strong data-start=\"290\" data-end=\"307\">Somos Nattuar<\/strong> y queremos que tengas claro que para navegar en nuestra web no necesitas facilitar ning\u00fan tipo de datos.<br data-start=\"412\" data-end=\"415\" \/>Nuestra web <strong data-start=\"427\" data-end=\"446\"><a class=\"decorated-link cursor-pointer\" target=\"_new\" rel=\"noopener\" data-start=\"429\" data-end=\"444\">www.nattuar.com<\/a><\/strong> cumple con la normativa de protecci\u00f3n de datos, es decir, la <strong data-start=\"508\" data-end=\"595\">Ley Org\u00e1nica 15\/1999 de 13 de diciembre de Protecci\u00f3n de Datos de Car\u00e1cter Personal<\/strong>, su Reglamento de desarrollo y dem\u00e1s normativa vigente en cada momento, velando por garantizar un correcto uso y tratamiento de los datos personales del usuario.<\/p><p data-start=\"761\" data-end=\"1013\">Asimismo, Nattuar cumple con la <strong data-start=\"793\" data-end=\"896\">Ley 34\/2002 de 11 de julio, de Servicios de la Sociedad de la Informaci\u00f3n y el Comercio Electr\u00f3nico<\/strong> y solicitar\u00e1 tu consentimiento al tratamiento de tu correo electr\u00f3nico con fines comerciales cuando sea necesario.<\/p><hr data-start=\"1015\" data-end=\"1018\" \/><h2 data-start=\"1020\" data-end=\"1072\"><strong data-start=\"1023\" data-end=\"1072\">Obtenci\u00f3n de los datos personales y finalidad<\/strong><\/h2><p data-start=\"1074\" data-end=\"1114\">Puedes contactar con Nattuar mediante:<\/p><ul data-start=\"1116\" data-end=\"1655\"><li data-start=\"1116\" data-end=\"1269\"><p data-start=\"1118\" data-end=\"1269\"><strong data-start=\"1118\" data-end=\"1145\">Formulario de contacto:<\/strong> permitiendo el env\u00edo de datos personales a trav\u00e9s de formularios de tipo est\u00e1ndar, alojados en los servidores de Nattuar.<\/p><\/li><li data-start=\"1270\" data-end=\"1383\"><p data-start=\"1272\" data-end=\"1383\"><strong data-start=\"1272\" data-end=\"1283\">E-mail:<\/strong> nuestro prestador de servicios de correo electr\u00f3nico es <strong data-start=\"1340\" data-end=\"1356\">Google, Inc.<\/strong> a trav\u00e9s de Google Apps.<\/p><\/li><li data-start=\"1384\" data-end=\"1655\"><p data-start=\"1386\" data-end=\"1655\"><strong data-start=\"1386\" data-end=\"1405\">Redes sociales:<\/strong> Nattuar cuenta con perfiles en <strong data-start=\"1437\" data-end=\"1468\">Instagram, YouTube y TikTok<\/strong>, siendo responsable del tratamiento de los datos de seguidores, suscriptores y comentaristas. El tratamiento ser\u00e1 \u00fanicamente el que cada red social permita a los perfiles corporativos.<\/p><\/li><\/ul><p data-start=\"1657\" data-end=\"1772\">La finalidad del tratamiento de estos datos ser\u00e1 <strong data-start=\"1706\" data-end=\"1735\">responder a tus consultas<\/strong> y mejorar la comunicaci\u00f3n contigo.<\/p><hr data-start=\"1774\" data-end=\"1777\" \/><h2 data-start=\"1779\" data-end=\"1829\"><strong data-start=\"1782\" data-end=\"1829\">Consentimiento para el tratamiento de datos<\/strong><\/h2><p data-start=\"1831\" data-end=\"2252\">Al introducir tus datos, se indicar\u00e1 si son <strong data-start=\"1875\" data-end=\"1905\">voluntarios u obligatorios<\/strong>.<br data-start=\"1906\" data-end=\"1909\" \/>La aceptaci\u00f3n de esta pol\u00edtica, mediante el procedimiento de <strong data-start=\"1970\" data-end=\"1986\">doble opt-in<\/strong> en la suscripci\u00f3n a la newsletter o haciendo clic en \u201cEnviar\u201d en el formulario de contacto (previa aceptaci\u00f3n de la pol\u00edtica de privacidad), se entender\u00e1 como consentimiento <strong data-start=\"2161\" data-end=\"2185\">expreso e inequ\u00edvoco<\/strong> (art. 6 de la LOPD) para el tratamiento de tus datos personales.<\/p><p data-start=\"2254\" data-end=\"2345\">En ning\u00fan caso tus datos ser\u00e1n cedidos, compartidos, transferidos ni vendidos a terceros.<\/p><hr data-start=\"2347\" data-end=\"2350\" \/><h2 data-start=\"2352\" data-end=\"2403\"><strong data-start=\"2355\" data-end=\"2403\">Medidas de seguridad implantadas por Nattuar<\/strong><\/h2><p data-start=\"2405\" data-end=\"2595\">Nattuar ha implantado medidas de seguridad t\u00e9cnicas y organizativas necesarias para garantizar la seguridad de tus datos personales, evitando su alteraci\u00f3n, p\u00e9rdida o acceso no autorizado.<\/p><hr data-start=\"2597\" data-end=\"2600\" \/><h2 data-start=\"2602\" data-end=\"2684\"><strong data-start=\"2605\" data-end=\"2684\">Ejercicio de Derechos ARCO (Acceso, Rectificaci\u00f3n, Cancelaci\u00f3n y Oposici\u00f3n)<\/strong><\/h2><p data-start=\"2686\" data-end=\"2806\">Si has facilitado datos a trav\u00e9s de nuestra web <strong data-start=\"2734\" data-end=\"2753\"><a class=\"decorated-link cursor-pointer\" target=\"_new\" rel=\"noopener\" data-start=\"2736\" data-end=\"2751\">www.nattuar.com<\/a><\/strong>, podr\u00e1s ejercitar gratuitamente tus derechos ARCO.<\/p><p data-start=\"2808\" data-end=\"2923\">Podr\u00e1s hacerlo escribiendo con el asunto \u201cProtecci\u00f3n de datos\u201d, especificando tus datos e identidad, a trav\u00e9s de:<\/p><ul data-start=\"2925\" data-end=\"3046\"><li data-start=\"2925\" data-end=\"2969\"><p data-start=\"2927\" data-end=\"2969\"><strong data-start=\"2927\" data-end=\"2950\">Correo electr\u00f3nico:<\/strong> <a class=\"decorated-link cursor-pointer\" rel=\"noopener\" data-start=\"2951\" data-end=\"2967\">info@nattuar.com<\/a><\/p><\/li><li data-start=\"2970\" data-end=\"3046\"><p data-start=\"2972\" data-end=\"3046\"><strong data-start=\"2972\" data-end=\"2993\">Direcci\u00f3n postal:<\/strong><br data-start=\"2993\" data-end=\"2996\" \/>Nattuar<br data-start=\"3003\" data-end=\"3006\" \/>C\/Alicates, 2<br data-start=\"3019\" data-end=\"3022\" \/>41008 Sevilla (Espa\u00f1a)<\/p><\/li><\/ul><p data-start=\"3048\" data-end=\"3286\">Adem\u00e1s, en cualquier momento podr\u00e1s solicitar no recibir comunicaciones comerciales que no est\u00e9n vinculadas al servicio solicitado.<br data-start=\"3179\" data-end=\"3182\" \/>Si te has suscrito a nuestra lista de correo, te facilitamos mecanismos para darte de baja f\u00e1cilmente.<\/p><hr data-start=\"3288\" data-end=\"3291\" \/><h2 data-start=\"3293\" data-end=\"3340\"><strong data-start=\"3296\" data-end=\"3340\">Responsable y Encargados del Tratamiento<\/strong><\/h2><p data-start=\"3342\" data-end=\"3399\">El <strong data-start=\"3345\" data-end=\"3381\">responsable del fichero de datos<\/strong> es <strong data-start=\"3385\" data-end=\"3396\">Nattuar<\/strong>.<\/p><p data-start=\"3401\" data-end=\"3528\">Como encargados de tratamiento ajenos, y siempre cumpliendo la normativa vigente, Nattuar tiene contratados los servicios de:<\/p><ul data-start=\"3530\" data-end=\"3640\"><li data-start=\"3530\" data-end=\"3640\"><p data-start=\"3532\" data-end=\"3640\"><strong data-start=\"3532\" data-end=\"3544\">Hosting:<\/strong> CLOUD BUILDERS, S.A. (\u201cInterdominios\u201d). <a class=\"decorated-link\" href=\"https:\/\/goo.gl\/1qZpwp?utm_source=chatgpt.com\" target=\"_new\" rel=\"noopener\" data-start=\"3585\" data-end=\"3637\">Pol\u00edtica de privacidad aqu\u00ed<\/a>.<\/p><\/li><\/ul><hr data-start=\"3642\" data-end=\"3645\" \/><h2 data-start=\"3647\" data-end=\"3675\"><strong data-start=\"3650\" data-end=\"3675\">Informaci\u00f3n adicional<\/strong><\/h2><h3 data-start=\"3677\" data-end=\"3701\"><strong data-start=\"3681\" data-end=\"3699\">Links externos<\/strong><\/h3><p data-start=\"3702\" data-end=\"3869\">Nuestra web puede incluir enlaces a sitios no operados por Nattuar. No nos hacemos responsables de la licitud, fiabilidad o pr\u00e1cticas de privacidad de dichos sitios.<\/p><h3 data-start=\"3871\" data-end=\"3896\"><strong data-start=\"3875\" data-end=\"3894\">Menores de edad<\/strong><\/h3><p data-start=\"3897\" data-end=\"4013\">La web de Nattuar no est\u00e1 dirigida a menores. No asumimos responsabilidad por el incumplimiento de este requisito.<\/p><h3 data-start=\"4015\" data-end=\"4052\"><strong data-start=\"4019\" data-end=\"4050\">Modificaci\u00f3n de la pol\u00edtica<\/strong><\/h3><p data-start=\"4053\" data-end=\"4291\">Nattuar se reserva el derecho a modificar esta pol\u00edtica de privacidad en cualquier momento, ya sea por criterio propio o por cambios legislativos.<br data-start=\"4199\" data-end=\"4202\" \/>El uso de la web despu\u00e9s de cualquier modificaci\u00f3n implicar\u00e1 la aceptaci\u00f3n de la misma.<\/p><hr data-start=\"4293\" data-end=\"4296\" \/><h2 data-start=\"4298\" data-end=\"4313\"><strong data-start=\"4301\" data-end=\"4313\">Kontakt<\/strong><\/h2><p data-start=\"4315\" data-end=\"4476\">Si tienes dudas sobre el tratamiento de tus datos o tu privacidad, escr\u00edbenos mediante el formulario de contacto o al correo electr\u00f3nico: <strong data-start=\"4453\" data-end=\"4473\"><a class=\"decorated-link cursor-pointer\" rel=\"noopener\" data-start=\"4455\" data-end=\"4471\">info@nattuar.com<\/a><\/strong>.<\/p><p data-start=\"4315\" data-end=\"4476\">\u00a0<\/p><h1 data-start=\"231\" data-end=\"266\"><strong data-start=\"233\" data-end=\"266\">Pol\u00edtica de Cookies \u2013 Nattuar<\/strong><\/h1><p data-start=\"268\" data-end=\"560\">Como ya te hemos avisado al inicio de la navegaci\u00f3n, esta web utiliza <strong data-start=\"338\" data-end=\"371\">cookies propias y de terceros<\/strong> para mejorar la experiencia de usuario.<br data-start=\"411\" data-end=\"414\" \/>Si has accedido y sigues navegando, aceptas la instalaci\u00f3n de estas cookies.<br data-start=\"490\" data-end=\"493\" \/>Si no las aceptas, m\u00e1s adelante te explicamos c\u00f3mo desactivarlas.<\/p><hr data-start=\"562\" data-end=\"565\" \/><h2 data-start=\"567\" data-end=\"595\"><strong data-start=\"570\" data-end=\"595\">\u00bfQu\u00e9 son las cookies?<\/strong><\/h2><p data-start=\"597\" data-end=\"872\">Las cookies son <strong data-start=\"613\" data-end=\"634\">ficheros de texto<\/strong> que se almacenan en tu navegador cuando visitas casi cualquier p\u00e1gina web.<br data-start=\"709\" data-end=\"712\" \/>Sirven para que la web sea capaz de <strong data-start=\"748\" data-end=\"770\">recordar tu visita<\/strong> y facilitar tu navegaci\u00f3n, en algunos casos siendo imprescindibles para su correcto funcionamiento.<\/p><p data-start=\"874\" data-end=\"1045\">\ud83d\udc49 En ning\u00fan caso las cookies almacenan informaci\u00f3n personal ni datos de contacto.<br data-start=\"956\" data-end=\"959\" \/>Solo se guardan datos t\u00e9cnicos, preferencias de uso o personalizaci\u00f3n de contenidos.<\/p><p data-start=\"1047\" data-end=\"1165\">El servidor web no te identifica como persona, sino como <strong data-start=\"1104\" data-end=\"1121\">navegador web<\/strong>, por lo que tu privacidad est\u00e1 asegurada.<\/p><hr data-start=\"1167\" data-end=\"1170\" \/><h2 data-start=\"1172\" data-end=\"1210\"><strong data-start=\"1175\" data-end=\"1210\">\u00bfQu\u00e9 cookies usamos en Nattuar?<\/strong><\/h2><p data-start=\"1212\" data-end=\"1350\">Podemos utilizar <strong data-start=\"1229\" data-end=\"1251\">cookies temporales<\/strong> (expiran al cerrar el navegador) y <strong data-start=\"1287\" data-end=\"1311\">cookies persistentes<\/strong> (permanecen hasta que las eliminas).<\/p><p data-start=\"1352\" data-end=\"1376\">En Nattuar utilizamos:<\/p><h3 data-start=\"1378\" data-end=\"1407\"><strong data-start=\"1382\" data-end=\"1405\">1. Cookies t\u00e9cnicas<\/strong><\/h3><p data-start=\"1408\" data-end=\"1573\">Imprescindibles para el funcionamiento de la web.<br data-start=\"1457\" data-end=\"1460\" \/>Pueden ser <strong data-start=\"1471\" data-end=\"1482\">propias<\/strong> (generadas por nuestra p\u00e1gina) o de <strong data-start=\"1519\" data-end=\"1531\">terceros<\/strong> (ej. Google, proveedores de servicios).<\/p><p data-start=\"1575\" data-end=\"1728\">Nuestra web est\u00e1 alojada en <strong data-start=\"1603\" data-end=\"1616\">WordPress<\/strong>, puedes consultar su pol\u00edtica de cookies aqu\u00ed:<br data-start=\"1663\" data-end=\"1666\" \/>\ud83d\udc49 <a class=\"decorated-link\" href=\"https:\/\/goo.gl\/vzkvgy?utm_source=chatgpt.com\" target=\"_new\" rel=\"noopener\" data-start=\"1669\" data-end=\"1726\">Pol\u00edtica de Cookies de WordPress<\/a><\/p><h3 data-start=\"1730\" data-end=\"1759\"><strong data-start=\"1734\" data-end=\"1757\">2. Cookies sociales<\/strong><\/h3><p data-start=\"1760\" data-end=\"1944\">Utilizadas en ocasiones para facilitar que los contenidos puedan compartirse en redes sociales.<br data-start=\"1855\" data-end=\"1858\" \/>En nuestro caso, estas cookies pueden generarse por <strong data-start=\"1910\" data-end=\"1941\">Instagram, YouTube y TikTok<\/strong>.<\/p><p data-start=\"1946\" data-end=\"2144\">Su finalidad es permitir la <strong data-start=\"1974\" data-end=\"2006\">interacci\u00f3n con el contenido<\/strong> en dichas plataformas.<br data-start=\"2029\" data-end=\"2032\" \/>La informaci\u00f3n y condiciones dependen de cada red social y se regulan por sus propias pol\u00edticas de privacidad.<\/p><hr data-start=\"2146\" data-end=\"2149\" \/><h2 data-start=\"2151\" data-end=\"2187\"><strong data-start=\"2154\" data-end=\"2187\">\u00bfC\u00f3mo desactivar las cookies?<\/strong><\/h2><p data-start=\"2189\" data-end=\"2261\">Puedes desactivar las cookies en cualquier momento desde tu navegador.<\/p><p data-start=\"2263\" data-end=\"2347\">Aqu\u00ed tienes los enlaces con las instrucciones para los navegadores m\u00e1s habituales:<\/p><ul data-start=\"2349\" data-end=\"2554\"><li data-start=\"2349\" data-end=\"2387\"><p data-start=\"2351\" data-end=\"2387\"><strong data-start=\"2351\" data-end=\"2363\">Firefox:<\/strong> <a class=\"decorated-link\" href=\"https:\/\/goo.gl\/YCP0Sl?utm_source=chatgpt.com\" target=\"_new\" rel=\"noopener\" data-start=\"2364\" data-end=\"2385\">https:\/\/goo.gl\/YCP0Sl<\/a><\/p><\/li><li data-start=\"2388\" data-end=\"2425\"><p data-start=\"2390\" data-end=\"2425\"><strong data-start=\"2390\" data-end=\"2401\">Safari:<\/strong> <a class=\"decorated-link\" href=\"https:\/\/goo.gl\/UBdvRY?utm_source=chatgpt.com\" target=\"_new\" rel=\"noopener\" data-start=\"2402\" data-end=\"2423\">https:\/\/goo.gl\/UBdvRY<\/a><\/p><\/li><li data-start=\"2426\" data-end=\"2470\"><p data-start=\"2428\" data-end=\"2470\"><strong data-start=\"2428\" data-end=\"2446\">Google Chrome:<\/strong> <a class=\"decorated-link\" href=\"https:\/\/goo.gl\/xyCDPK?utm_source=chatgpt.com\" target=\"_new\" rel=\"noopener\" data-start=\"2447\" data-end=\"2468\">https:\/\/goo.gl\/xyCDPK<\/a><\/p><\/li><li data-start=\"2471\" data-end=\"2518\"><p data-start=\"2473\" data-end=\"2518\"><strong data-start=\"2473\" data-end=\"2495\">Internet Explorer:<\/strong> <a class=\"decorated-link\" href=\"http:\/\/goo.gl\/QLa6Ay?utm_source=chatgpt.com\" target=\"_new\" rel=\"noopener\" data-start=\"2496\" data-end=\"2516\">http:\/\/goo.gl\/QLa6Ay<\/a><\/p><\/li><li data-start=\"2519\" data-end=\"2554\"><p data-start=\"2521\" data-end=\"2554\"><strong data-start=\"2521\" data-end=\"2531\">Opera:<\/strong> <a class=\"decorated-link\" href=\"http:\/\/goo.gl\/zk5XGM?utm_source=chatgpt.com\" target=\"_new\" rel=\"noopener\" data-start=\"2532\" data-end=\"2552\">http:\/\/goo.gl\/zk5XGM<\/a><\/p><\/li><\/ul><p data-start=\"2556\" data-end=\"2573\"><strong data-start=\"2556\" data-end=\"2571\">En Android:<\/strong><\/p><ul data-start=\"2574\" data-end=\"2693\"><li data-start=\"2574\" data-end=\"2613\"><p data-start=\"2576\" data-end=\"2613\">Abre el navegador &gt; Men\u00fa &gt; Ajustes.<\/p><\/li><li data-start=\"2614\" data-end=\"2693\"><p data-start=\"2616\" data-end=\"2693\">Ve a \u201cSeguridad y Privacidad\u201d &gt; \u201cAceptar cookies\u201d y act\u00edvalo o desact\u00edvalo.<\/p><\/li><\/ul><p data-start=\"2695\" data-end=\"2718\"><strong data-start=\"2695\" data-end=\"2716\">En Windows Phone:<\/strong><\/p><ul data-start=\"2719\" data-end=\"2811\"><li data-start=\"2719\" data-end=\"2768\"><p data-start=\"2721\" data-end=\"2768\">Abre Internet Explorer &gt; M\u00e1s &gt; Configuraci\u00f3n.<\/p><\/li><li data-start=\"2769\" data-end=\"2811\"><p data-start=\"2771\" data-end=\"2811\">Activa o desactiva \u201cPermitir cookies\u201d.<\/p><\/li><\/ul><hr data-start=\"2813\" data-end=\"2816\" \/><h2 data-start=\"2818\" data-end=\"2846\"><strong data-start=\"2821\" data-end=\"2846\">Informaci\u00f3n adicional<\/strong><\/h2><p data-start=\"2848\" data-end=\"3022\">Ni esta web ni sus representantes legales se hacen responsables del contenido o veracidad de las pol\u00edticas de privacidad de terceros vinculados en esta Pol\u00edtica de Cookies.<\/p><p data-start=\"3024\" data-end=\"3204\">La aceptaci\u00f3n de esta Pol\u00edtica implica que, como usuario, has sido informado de manera clara sobre el uso de cookies, y que Nattuar dispone de tu consentimiento para utilizarlas.<\/p><p data-start=\"3206\" data-end=\"3342\">Para cualquier consulta acerca de esta pol\u00edtica, escr\u00edbenos a trav\u00e9s del <strong data-start=\"3279\" data-end=\"3305\">formulario de contacto<\/strong> o al correo: <strong data-start=\"3319\" data-end=\"3339\"><a class=\"decorated-link cursor-pointer\" rel=\"noopener\" data-start=\"3321\" data-end=\"3337\">info@nattuar.com<\/a><\/strong>.<\/p>\t\t\t\t\t\t\t\t<\/div>\n\t\t\t\t<\/div>\n\t\t\t\t\t<\/div>\n\t\t<\/div>\n\t\t\t\t\t<\/div>\n\t\t<\/section>\n\t\t\t\t<\/div>","protected":false},"excerpt":{"rendered":"<p>Privacidad y Cookies Somos Nattuar y queremos que tengas claro que para navegar en nuestra web no necesitas facilitar ning\u00fan tipo de datos.Nuestra web www.nattuar.com cumple con la normativa de protecci\u00f3n de datos, es decir, la Ley Org\u00e1nica 15\/1999 de 13 de diciembre de Protecci\u00f3n de Datos de Car\u00e1cter Personal, su Reglamento de desarrollo y [&hellip;]<\/p>","protected":false},"author":2,"featured_media":0,"parent":0,"menu_order":0,"comment_status":"closed","ping_status":"closed","template":"elementor_header_footer","meta":{"footnotes":""},"class_list":["post-393","page","type-page","status-publish","hentry"],"_links":{"self":[{"href":"https:\/\/nattuar.com\/de\/wp-json\/wp\/v2\/pages\/393","targetHints":{"allow":["GET"]}}],"collection":[{"href":"https:\/\/nattuar.com\/de\/wp-json\/wp\/v2\/pages"}],"about":[{"href":"https:\/\/nattuar.com\/de\/wp-json\/wp\/v2\/types\/page"}],"author":[{"embeddable":true,"href":"https:\/\/nattuar.com\/de\/wp-json\/wp\/v2\/users\/2"}],"replies":[{"embeddable":true,"href":"https:\/\/nattuar.com\/de\/wp-json\/wp\/v2\/comments?post=393"}],"version-history":[{"count":19,"href":"https:\/\/nattuar.com\/de\/wp-json\/wp\/v2\/pages\/393\/revisions"}],"predecessor-version":[{"id":5086,"href":"https:\/\/nattuar.com\/de\/wp-json\/wp\/v2\/pages\/393\/revisions\/5086"}],"wp:attachment":[{"href":"https:\/\/nattuar.com\/de\/wp-json\/wp\/v2\/media?parent=393"}],"curies":[{"name":"wp","href":"https:\/\/api.w.org\/{rel}","templated":true}]}}