{"id":4572,"date":"2025-07-21T13:25:59","date_gmt":"2025-07-21T13:25:59","guid":{"rendered":"https:\/\/nattuar.com\/?page_id=4572"},"modified":"2025-07-21T13:41:54","modified_gmt":"2025-07-21T13:41:54","slug":"festival-actual","status":"publish","type":"page","link":"https:\/\/nattuar.com\/de\/festival-actual\/","title":{"rendered":"Festival ACTUAL"},"content":{"rendered":"<div data-elementor-type=\"wp-page\" data-elementor-id=\"4572\" class=\"elementor elementor-4572\" data-elementor-post-type=\"page\">\n\t\t\t\t\t\t<section class=\"elementor-section elementor-top-section elementor-element elementor-element-a6b4363 elementor-section-boxed elementor-section-height-default elementor-section-height-default\" data-id=\"a6b4363\" data-element_type=\"section\" data-settings=\"{&quot;shape_divider_top&quot;:&quot;mountains&quot;}\">\n\t\t\t\t\t<div class=\"elementor-shape elementor-shape-top\" aria-hidden=\"true\" data-negative=\"false\">\n\t\t\t<svg xmlns=\"http:\/\/www.w3.org\/2000\/svg\" viewbox=\"0 0 1000 100\" preserveaspectratio=\"none\">\n\t<path class=\"elementor-shape-fill\" opacity=\"0.33\" d=\"M473,67.3c-203.9,88.3-263.1-34-320.3,0C66,119.1,0,59.7,0,59.7V0h1000v59.7 c0,0-62.1,26.1-94.9,29.3c-32.8,3.3-62.8-12.3-75.8-22.1C806,49.6,745.3,8.7,694.9,4.7S492.4,59,473,67.3z\"\/>\n\t<path class=\"elementor-shape-fill\" opacity=\"0.66\" d=\"M734,67.3c-45.5,0-77.2-23.2-129.1-39.1c-28.6-8.7-150.3-10.1-254,39.1 s-91.7-34.4-149.2,0C115.7,118.3,0,39.8,0,39.8V0h1000v36.5c0,0-28.2-18.5-92.1-18.5C810.2,18.1,775.7,67.3,734,67.3z\"\/>\n\t<path class=\"elementor-shape-fill\" d=\"M766.1,28.9c-200-57.5-266,65.5-395.1,19.5C242,1.8,242,5.4,184.8,20.6C128,35.8,132.3,44.9,89.9,52.5C28.6,63.7,0,0,0,0 h1000c0,0-9.9,40.9-83.6,48.1S829.6,47,766.1,28.9z\"\/>\n<\/svg>\t\t<\/div>\n\t\t\t\t\t<div class=\"elementor-container elementor-column-gap-default\">\n\t\t\t\t\t<div class=\"elementor-column elementor-col-100 elementor-top-column elementor-element elementor-element-39f7f91\" data-id=\"39f7f91\" data-element_type=\"column\">\n\t\t\t<div class=\"elementor-widget-wrap elementor-element-populated\">\n\t\t\t\t\t\t<div class=\"elementor-element elementor-element-a0c9cc7 elementor-widget elementor-widget-spacer\" data-id=\"a0c9cc7\" data-element_type=\"widget\" data-widget_type=\"spacer.default\">\n\t\t\t\t<div class=\"elementor-widget-container\">\n\t\t\t\t\t\t\t<div class=\"elementor-spacer\">\n\t\t\t<div class=\"elementor-spacer-inner\"><\/div>\n\t\t<\/div>\n\t\t\t\t\t\t<\/div>\n\t\t\t\t<\/div>\n\t\t\t\t<div class=\"elementor-element elementor-element-e69654f elementor-invisible elementor-widget elementor-widget-heading\" data-id=\"e69654f\" data-element_type=\"widget\" data-settings=\"{&quot;_animation&quot;:&quot;fadeInDown&quot;}\" data-widget_type=\"heading.default\">\n\t\t\t\t<div class=\"elementor-widget-container\">\n\t\t\t\t\t<h1 class=\"elementor-heading-title elementor-size-default\">Festival ACTUAL 2026<\/h1>\t\t\t\t<\/div>\n\t\t\t\t<\/div>\n\t\t\t\t<div class=\"elementor-element elementor-element-ed01755 elementor-widget-divider--view-line elementor-invisible elementor-widget elementor-widget-divider\" data-id=\"ed01755\" data-element_type=\"widget\" data-settings=\"{&quot;_animation&quot;:&quot;fadeInLeft&quot;}\" data-widget_type=\"divider.default\">\n\t\t\t\t<div class=\"elementor-widget-container\">\n\t\t\t\t\t\t\t<div class=\"elementor-divider\">\n\t\t\t<span class=\"elementor-divider-separator\">\n\t\t\t\t\t\t<\/span>\n\t\t<\/div>\n\t\t\t\t\t\t<\/div>\n\t\t\t\t<\/div>\n\t\t\t\t<section class=\"elementor-section elementor-inner-section elementor-element elementor-element-a8a8897 elementor-section-boxed elementor-section-height-default elementor-section-height-default\" data-id=\"a8a8897\" data-element_type=\"section\">\n\t\t\t\t\t\t<div class=\"elementor-container elementor-column-gap-default\">\n\t\t\t\t\t<div class=\"elementor-column elementor-col-100 elementor-inner-column elementor-element elementor-element-2c5d90a\" data-id=\"2c5d90a\" data-element_type=\"column\">\n\t\t\t<div class=\"elementor-widget-wrap elementor-element-populated\">\n\t\t\t\t\t\t<div class=\"elementor-element elementor-element-b164078 elementor-widget elementor-widget-spacer\" data-id=\"b164078\" data-element_type=\"widget\" data-widget_type=\"spacer.default\">\n\t\t\t\t<div class=\"elementor-widget-container\">\n\t\t\t\t\t\t\t<div class=\"elementor-spacer\">\n\t\t\t<div class=\"elementor-spacer-inner\"><\/div>\n\t\t<\/div>\n\t\t\t\t\t\t<\/div>\n\t\t\t\t<\/div>\n\t\t\t\t<div class=\"elementor-element elementor-element-68208f6 elementor-invisible elementor-widget elementor-widget-heading\" data-id=\"68208f6\" data-element_type=\"widget\" data-settings=\"{&quot;_animation&quot;:&quot;fadeInDown&quot;}\" data-widget_type=\"heading.default\">\n\t\t\t\t<div class=\"elementor-widget-container\">\n\t\t\t\t\t<h2 class=\"elementor-heading-title elementor-size-default\">Dise\u00f1o de 100 x 70 cm con la imagen del festival\n<\/h2>\t\t\t\t<\/div>\n\t\t\t\t<\/div>\n\t\t\t\t\t<\/div>\n\t\t<\/div>\n\t\t\t\t\t<\/div>\n\t\t<\/section>\n\t\t\t\t<section class=\"elementor-section elementor-inner-section elementor-element elementor-element-7ff80c3 elementor-section-boxed elementor-section-height-default elementor-section-height-default\" data-id=\"7ff80c3\" data-element_type=\"section\">\n\t\t\t\t\t\t<div class=\"elementor-container elementor-column-gap-default\">\n\t\t\t\t\t<div class=\"elementor-column elementor-col-50 elementor-inner-column elementor-element elementor-element-5d60ed2\" data-id=\"5d60ed2\" data-element_type=\"column\">\n\t\t\t<div class=\"elementor-widget-wrap elementor-element-populated\">\n\t\t\t\t\t\t<div class=\"elementor-element elementor-element-2e33271 elementor-widget elementor-widget-image\" data-id=\"2e33271\" data-element_type=\"widget\" data-widget_type=\"image.default\">\n\t\t\t\t<div class=\"elementor-widget-container\">\n\t\t\t\t\t\t\t\t\t\t\t\t\t\t\t<img fetchpriority=\"high\" decoding=\"async\" width=\"515\" height=\"736\" src=\"https:\/\/nattuar.com\/wp-content\/uploads\/2025\/07\/Festival-Actual-02.png\" class=\"attachment-full size-full wp-image-4578\" alt=\"\" srcset=\"https:\/\/nattuar.com\/wp-content\/uploads\/2025\/07\/Festival-Actual-02.png 515w, https:\/\/nattuar.com\/wp-content\/uploads\/2025\/07\/Festival-Actual-02-210x300.png 210w, https:\/\/nattuar.com\/wp-content\/uploads\/2025\/07\/Festival-Actual-02-8x12.png 8w\" sizes=\"(max-width: 515px) 100vw, 515px\" \/>\t\t\t\t\t\t\t\t\t\t\t\t\t\t\t<\/div>\n\t\t\t\t<\/div>\n\t\t\t\t\t<\/div>\n\t\t<\/div>\n\t\t\t\t<div class=\"elementor-column elementor-col-50 elementor-inner-column elementor-element elementor-element-5d0abc0\" data-id=\"5d0abc0\" data-element_type=\"column\">\n\t\t\t<div class=\"elementor-widget-wrap elementor-element-populated\">\n\t\t\t\t\t\t<div class=\"elementor-element elementor-element-004f9a4 elementor-widget elementor-widget-image\" data-id=\"004f9a4\" data-element_type=\"widget\" data-widget_type=\"image.default\">\n\t\t\t\t<div class=\"elementor-widget-container\">\n\t\t\t\t\t\t\t\t\t\t\t\t\t\t\t<img decoding=\"async\" width=\"725\" height=\"725\" src=\"https:\/\/nattuar.com\/wp-content\/uploads\/2025\/07\/Festival-Actual-05.png\" class=\"attachment-full size-full wp-image-4581\" alt=\"\" srcset=\"https:\/\/nattuar.com\/wp-content\/uploads\/2025\/07\/Festival-Actual-05.png 725w, https:\/\/nattuar.com\/wp-content\/uploads\/2025\/07\/Festival-Actual-05-300x300.png 300w, https:\/\/nattuar.com\/wp-content\/uploads\/2025\/07\/Festival-Actual-05-100x100.png 100w, https:\/\/nattuar.com\/wp-content\/uploads\/2025\/07\/Festival-Actual-05-600x600.png 600w, https:\/\/nattuar.com\/wp-content\/uploads\/2025\/07\/Festival-Actual-05-150x150.png 150w, https:\/\/nattuar.com\/wp-content\/uploads\/2025\/07\/Festival-Actual-05-12x12.png 12w\" sizes=\"(max-width: 725px) 100vw, 725px\" \/>\t\t\t\t\t\t\t\t\t\t\t\t\t\t\t<\/div>\n\t\t\t\t<\/div>\n\t\t\t\t\t<\/div>\n\t\t<\/div>\n\t\t\t\t\t<\/div>\n\t\t<\/section>\n\t\t\t\t<section class=\"elementor-section elementor-inner-section elementor-element elementor-element-6cc5058 elementor-section-boxed elementor-section-height-default elementor-section-height-default\" data-id=\"6cc5058\" data-element_type=\"section\">\n\t\t\t\t\t\t<div class=\"elementor-container elementor-column-gap-default\">\n\t\t\t\t\t<div class=\"elementor-column elementor-col-100 elementor-inner-column elementor-element elementor-element-3044952\" data-id=\"3044952\" data-element_type=\"column\">\n\t\t\t<div class=\"elementor-widget-wrap elementor-element-populated\">\n\t\t\t\t\t\t<div class=\"elementor-element elementor-element-4edb102 elementor-widget elementor-widget-spacer\" data-id=\"4edb102\" data-element_type=\"widget\" data-widget_type=\"spacer.default\">\n\t\t\t\t<div class=\"elementor-widget-container\">\n\t\t\t\t\t\t\t<div class=\"elementor-spacer\">\n\t\t\t<div class=\"elementor-spacer-inner\"><\/div>\n\t\t<\/div>\n\t\t\t\t\t\t<\/div>\n\t\t\t\t<\/div>\n\t\t\t\t<div class=\"elementor-element elementor-element-d5001d5 elementor-invisible elementor-widget elementor-widget-heading\" data-id=\"d5001d5\" data-element_type=\"widget\" data-settings=\"{&quot;_animation&quot;:&quot;fadeInDown&quot;}\" data-widget_type=\"heading.default\">\n\t\t\t\t<div class=\"elementor-widget-container\">\n\t\t\t\t\t<h2 class=\"elementor-heading-title elementor-size-default\">Dise\u00f1o de un A3 ficticio con la programaci\u00f3n de una de las \u00e1reas del festival.\n<\/h2>\t\t\t\t<\/div>\n\t\t\t\t<\/div>\n\t\t\t\t\t<\/div>\n\t\t<\/div>\n\t\t\t\t\t<\/div>\n\t\t<\/section>\n\t\t\t\t<section class=\"elementor-section elementor-inner-section elementor-element elementor-element-e7c8b7d elementor-section-boxed elementor-section-height-default elementor-section-height-default\" data-id=\"e7c8b7d\" data-element_type=\"section\">\n\t\t\t\t\t\t<div class=\"elementor-container elementor-column-gap-default\">\n\t\t\t\t\t<div class=\"elementor-column elementor-col-50 elementor-inner-column elementor-element elementor-element-b0da8db\" data-id=\"b0da8db\" data-element_type=\"column\">\n\t\t\t<div class=\"elementor-widget-wrap elementor-element-populated\">\n\t\t\t\t\t\t<div class=\"elementor-element elementor-element-e5cb936 elementor-widget elementor-widget-image\" data-id=\"e5cb936\" data-element_type=\"widget\" data-widget_type=\"image.default\">\n\t\t\t\t<div class=\"elementor-widget-container\">\n\t\t\t\t\t\t\t\t\t\t\t\t\t\t\t<img decoding=\"async\" width=\"515\" height=\"728\" src=\"https:\/\/nattuar.com\/wp-content\/uploads\/2025\/07\/Festival-Actual-04.png\" class=\"attachment-full size-full wp-image-4580\" alt=\"\" srcset=\"https:\/\/nattuar.com\/wp-content\/uploads\/2025\/07\/Festival-Actual-04.png 515w, https:\/\/nattuar.com\/wp-content\/uploads\/2025\/07\/Festival-Actual-04-212x300.png 212w, https:\/\/nattuar.com\/wp-content\/uploads\/2025\/07\/Festival-Actual-04-8x12.png 8w\" sizes=\"(max-width: 515px) 100vw, 515px\" \/>\t\t\t\t\t\t\t\t\t\t\t\t\t\t\t<\/div>\n\t\t\t\t<\/div>\n\t\t\t\t\t<\/div>\n\t\t<\/div>\n\t\t\t\t<div class=\"elementor-column elementor-col-50 elementor-inner-column elementor-element elementor-element-4711482\" data-id=\"4711482\" data-element_type=\"column\">\n\t\t\t<div class=\"elementor-widget-wrap elementor-element-populated\">\n\t\t\t\t\t\t<div class=\"elementor-element elementor-element-ea82d29 elementor-widget elementor-widget-image\" data-id=\"ea82d29\" data-element_type=\"widget\" data-widget_type=\"image.default\">\n\t\t\t\t<div class=\"elementor-widget-container\">\n\t\t\t\t\t\t\t\t\t\t\t\t\t\t\t<img loading=\"lazy\" decoding=\"async\" width=\"519\" height=\"779\" src=\"https:\/\/nattuar.com\/wp-content\/uploads\/2025\/07\/Festival-Actual-03.png\" class=\"attachment-full size-full wp-image-4579\" alt=\"\" srcset=\"https:\/\/nattuar.com\/wp-content\/uploads\/2025\/07\/Festival-Actual-03.png 519w, https:\/\/nattuar.com\/wp-content\/uploads\/2025\/07\/Festival-Actual-03-200x300.png 200w, https:\/\/nattuar.com\/wp-content\/uploads\/2025\/07\/Festival-Actual-03-8x12.png 8w\" sizes=\"(max-width: 519px) 100vw, 519px\" \/>\t\t\t\t\t\t\t\t\t\t\t\t\t\t\t<\/div>\n\t\t\t\t<\/div>\n\t\t\t\t\t<\/div>\n\t\t<\/div>\n\t\t\t\t\t<\/div>\n\t\t<\/section>\n\t\t\t\t<section class=\"elementor-section elementor-inner-section elementor-element elementor-element-b26d6c7 elementor-section-boxed elementor-section-height-default elementor-section-height-default\" data-id=\"b26d6c7\" data-element_type=\"section\">\n\t\t\t\t\t\t<div class=\"elementor-container elementor-column-gap-default\">\n\t\t\t\t\t<div class=\"elementor-column elementor-col-100 elementor-inner-column elementor-element elementor-element-87e94bc\" data-id=\"87e94bc\" data-element_type=\"column\">\n\t\t\t<div class=\"elementor-widget-wrap elementor-element-populated\">\n\t\t\t\t\t\t<div class=\"elementor-element elementor-element-437d7ce elementor-widget elementor-widget-spacer\" data-id=\"437d7ce\" data-element_type=\"widget\" data-widget_type=\"spacer.default\">\n\t\t\t\t<div class=\"elementor-widget-container\">\n\t\t\t\t\t\t\t<div class=\"elementor-spacer\">\n\t\t\t<div class=\"elementor-spacer-inner\"><\/div>\n\t\t<\/div>\n\t\t\t\t\t\t<\/div>\n\t\t\t\t<\/div>\n\t\t\t\t<div class=\"elementor-element elementor-element-045e398 elementor-invisible elementor-widget elementor-widget-heading\" data-id=\"045e398\" data-element_type=\"widget\" data-settings=\"{&quot;_animation&quot;:&quot;fadeInDown&quot;}\" data-widget_type=\"heading.default\">\n\t\t\t\t<div class=\"elementor-widget-container\">\n\t\t\t\t\t<h2 class=\"elementor-heading-title elementor-size-default\">Anuncio para un fald\u00f3n de prensa escrita.\n<\/h2>\t\t\t\t<\/div>\n\t\t\t\t<\/div>\n\t\t\t\t\t<\/div>\n\t\t<\/div>\n\t\t\t\t\t<\/div>\n\t\t<\/section>\n\t\t\t\t<section class=\"elementor-section elementor-inner-section elementor-element elementor-element-c9e926a elementor-section-boxed elementor-section-height-default elementor-section-height-default\" data-id=\"c9e926a\" data-element_type=\"section\">\n\t\t\t\t\t\t<div class=\"elementor-container elementor-column-gap-default\">\n\t\t\t\t\t<div class=\"elementor-column elementor-col-100 elementor-inner-column elementor-element elementor-element-1887b29\" data-id=\"1887b29\" data-element_type=\"column\">\n\t\t\t<div class=\"elementor-widget-wrap elementor-element-populated\">\n\t\t\t\t\t\t<div class=\"elementor-element elementor-element-4ab9053 elementor-widget elementor-widget-image\" data-id=\"4ab9053\" data-element_type=\"widget\" data-widget_type=\"image.default\">\n\t\t\t\t<div class=\"elementor-widget-container\">\n\t\t\t\t\t\t\t\t\t\t\t\t\t\t\t<img loading=\"lazy\" decoding=\"async\" width=\"1241\" height=\"297\" src=\"https:\/\/nattuar.com\/wp-content\/uploads\/2025\/07\/Festival-Actual-01.png\" class=\"attachment-full size-full wp-image-4577\" alt=\"\" srcset=\"https:\/\/nattuar.com\/wp-content\/uploads\/2025\/07\/Festival-Actual-01.png 1241w, https:\/\/nattuar.com\/wp-content\/uploads\/2025\/07\/Festival-Actual-01-600x144.png 600w, https:\/\/nattuar.com\/wp-content\/uploads\/2025\/07\/Festival-Actual-01-300x72.png 300w, https:\/\/nattuar.com\/wp-content\/uploads\/2025\/07\/Festival-Actual-01-1024x245.png 1024w, https:\/\/nattuar.com\/wp-content\/uploads\/2025\/07\/Festival-Actual-01-768x184.png 768w, https:\/\/nattuar.com\/wp-content\/uploads\/2025\/07\/Festival-Actual-01-18x4.png 18w\" sizes=\"(max-width: 1241px) 100vw, 1241px\" \/>\t\t\t\t\t\t\t\t\t\t\t\t\t\t\t<\/div>\n\t\t\t\t<\/div>\n\t\t\t\t<div class=\"elementor-element elementor-element-7af9d81 elementor-widget elementor-widget-image\" data-id=\"7af9d81\" data-element_type=\"widget\" data-widget_type=\"image.default\">\n\t\t\t\t<div class=\"elementor-widget-container\">\n\t\t\t\t\t\t\t\t\t\t\t\t\t\t\t<img loading=\"lazy\" decoding=\"async\" width=\"629\" height=\"420\" src=\"https:\/\/nattuar.com\/wp-content\/uploads\/2025\/07\/Festival-Actual-06.png\" class=\"attachment-full size-full wp-image-4582\" alt=\"\" srcset=\"https:\/\/nattuar.com\/wp-content\/uploads\/2025\/07\/Festival-Actual-06.png 629w, https:\/\/nattuar.com\/wp-content\/uploads\/2025\/07\/Festival-Actual-06-600x401.png 600w, https:\/\/nattuar.com\/wp-content\/uploads\/2025\/07\/Festival-Actual-06-300x200.png 300w, https:\/\/nattuar.com\/wp-content\/uploads\/2025\/07\/Festival-Actual-06-18x12.png 18w\" sizes=\"(max-width: 629px) 100vw, 629px\" \/>\t\t\t\t\t\t\t\t\t\t\t\t\t\t\t<\/div>\n\t\t\t\t<\/div>\n\t\t\t\t\t<\/div>\n\t\t<\/div>\n\t\t\t\t\t<\/div>\n\t\t<\/section>\n\t\t\t\t<section class=\"elementor-section elementor-inner-section elementor-element elementor-element-3731fd3 elementor-section-boxed elementor-section-height-default elementor-section-height-default\" data-id=\"3731fd3\" data-element_type=\"section\">\n\t\t\t\t\t\t<div class=\"elementor-container elementor-column-gap-default\">\n\t\t\t\t\t<div class=\"elementor-column elementor-col-100 elementor-inner-column elementor-element elementor-element-639d2b8\" data-id=\"639d2b8\" data-element_type=\"column\">\n\t\t\t<div class=\"elementor-widget-wrap elementor-element-populated\">\n\t\t\t\t\t\t<div class=\"elementor-element elementor-element-e8365d7 elementor-widget elementor-widget-spacer\" data-id=\"e8365d7\" data-element_type=\"widget\" data-widget_type=\"spacer.default\">\n\t\t\t\t<div class=\"elementor-widget-container\">\n\t\t\t\t\t\t\t<div class=\"elementor-spacer\">\n\t\t\t<div class=\"elementor-spacer-inner\"><\/div>\n\t\t<\/div>\n\t\t\t\t\t\t<\/div>\n\t\t\t\t<\/div>\n\t\t\t\t<div class=\"elementor-element elementor-element-c74ee09 elementor-invisible elementor-widget elementor-widget-heading\" data-id=\"c74ee09\" data-element_type=\"widget\" data-settings=\"{&quot;_animation&quot;:&quot;fadeInDown&quot;}\" data-widget_type=\"heading.default\">\n\t\t\t\t<div class=\"elementor-widget-container\">\n\t\t\t\t\t<h2 class=\"elementor-heading-title elementor-size-default\">Banner digital.\n<\/h2>\t\t\t\t<\/div>\n\t\t\t\t<\/div>\n\t\t\t\t\t<\/div>\n\t\t<\/div>\n\t\t\t\t\t<\/div>\n\t\t<\/section>\n\t\t\t\t<section class=\"elementor-section elementor-inner-section elementor-element elementor-element-c1af336 elementor-section-boxed elementor-section-height-default elementor-section-height-default\" data-id=\"c1af336\" data-element_type=\"section\">\n\t\t\t\t\t\t<div class=\"elementor-container elementor-column-gap-default\">\n\t\t\t\t\t<div class=\"elementor-column elementor-col-50 elementor-inner-column elementor-element elementor-element-9578fb3\" data-id=\"9578fb3\" data-element_type=\"column\">\n\t\t\t<div class=\"elementor-widget-wrap elementor-element-populated\">\n\t\t\t\t\t\t<div class=\"elementor-element elementor-element-010720a elementor-widget elementor-widget-image\" data-id=\"010720a\" data-element_type=\"widget\" data-widget_type=\"image.default\">\n\t\t\t\t<div class=\"elementor-widget-container\">\n\t\t\t\t\t\t\t\t\t\t\t\t\t\t\t<img loading=\"lazy\" decoding=\"async\" width=\"300\" height=\"600\" src=\"https:\/\/nattuar.com\/wp-content\/uploads\/2025\/07\/Banner-digital-ACTUAL-300-x-250-px-300-x-600-px.gif\" class=\"attachment-full size-full wp-image-4585\" alt=\"\" \/>\t\t\t\t\t\t\t\t\t\t\t\t\t\t\t<\/div>\n\t\t\t\t<\/div>\n\t\t\t\t\t<\/div>\n\t\t<\/div>\n\t\t\t\t<div class=\"elementor-column elementor-col-50 elementor-inner-column elementor-element elementor-element-4a0a49b\" data-id=\"4a0a49b\" data-element_type=\"column\">\n\t\t\t<div class=\"elementor-widget-wrap elementor-element-populated\">\n\t\t\t\t\t\t<div class=\"elementor-element elementor-element-a9d73fc elementor-widget elementor-widget-image\" data-id=\"a9d73fc\" data-element_type=\"widget\" data-widget_type=\"image.default\">\n\t\t\t\t<div class=\"elementor-widget-container\">\n\t\t\t\t\t\t\t\t\t\t\t\t\t\t\t<img loading=\"lazy\" decoding=\"async\" width=\"300\" height=\"250\" src=\"https:\/\/nattuar.com\/wp-content\/uploads\/2025\/07\/Banner-digital-ACTUAL-300-x-250-px.gif\" class=\"attachment-full size-full wp-image-4584\" alt=\"\" \/>\t\t\t\t\t\t\t\t\t\t\t\t\t\t\t<\/div>\n\t\t\t\t<\/div>\n\t\t\t\t<div class=\"elementor-element elementor-element-8904663 elementor-widget elementor-widget-image\" data-id=\"8904663\" data-element_type=\"widget\" data-widget_type=\"image.default\">\n\t\t\t\t<div class=\"elementor-widget-container\">\n\t\t\t\t\t\t\t\t\t\t\t\t\t\t\t<img loading=\"lazy\" decoding=\"async\" width=\"970\" height=\"250\" src=\"https:\/\/nattuar.com\/wp-content\/uploads\/2025\/07\/Banner-digital-ACTUAL.gif\" class=\"attachment-full size-full wp-image-4583\" alt=\"\" \/>\t\t\t\t\t\t\t\t\t\t\t\t\t\t\t<\/div>\n\t\t\t\t<\/div>\n\t\t\t\t\t<\/div>\n\t\t<\/div>\n\t\t\t\t\t<\/div>\n\t\t<\/section>\n\t\t\t\t\t<\/div>\n\t\t<\/div>\n\t\t\t\t\t<\/div>\n\t\t<\/section>\n\t\t\t\t<\/div>","protected":false},"excerpt":{"rendered":"<p>Festival ACTUAL 2026 Dise\u00f1o de 100 x 70 cm con la imagen del festival Dise\u00f1o de un A3 ficticio con la programaci\u00f3n de una de las \u00e1reas del festival. Anuncio para un fald\u00f3n de prensa escrita. Banner digital.<\/p>","protected":false},"author":2,"featured_media":0,"parent":0,"menu_order":0,"comment_status":"closed","ping_status":"closed","template":"elementor_canvas","meta":{"footnotes":""},"class_list":["post-4572","page","type-page","status-publish","hentry"],"_links":{"self":[{"href":"https:\/\/nattuar.com\/de\/wp-json\/wp\/v2\/pages\/4572","targetHints":{"allow":["GET"]}}],"collection":[{"href":"https:\/\/nattuar.com\/de\/wp-json\/wp\/v2\/pages"}],"about":[{"href":"https:\/\/nattuar.com\/de\/wp-json\/wp\/v2\/types\/page"}],"author":[{"embeddable":true,"href":"https:\/\/nattuar.com\/de\/wp-json\/wp\/v2\/users\/2"}],"replies":[{"embeddable":true,"href":"https:\/\/nattuar.com\/de\/wp-json\/wp\/v2\/comments?post=4572"}],"version-history":[{"count":7,"href":"https:\/\/nattuar.com\/de\/wp-json\/wp\/v2\/pages\/4572\/revisions"}],"predecessor-version":[{"id":4594,"href":"https:\/\/nattuar.com\/de\/wp-json\/wp\/v2\/pages\/4572\/revisions\/4594"}],"wp:attachment":[{"href":"https:\/\/nattuar.com\/de\/wp-json\/wp\/v2\/media?parent=4572"}],"curies":[{"name":"wp","href":"https:\/\/api.w.org\/{rel}","templated":true}]}}