{"id":4794,"date":"2025-08-18T16:14:10","date_gmt":"2025-08-18T16:14:10","guid":{"rendered":"https:\/\/nattuar.com\/?page_id=4794"},"modified":"2025-08-22T18:51:47","modified_gmt":"2025-08-22T18:51:47","slug":"map-stations","status":"publish","type":"page","link":"https:\/\/nattuar.com\/de\/map-stations\/","title":{"rendered":"Map Stations"},"content":{"rendered":"<div data-elementor-type=\"wp-page\" data-elementor-id=\"4794\" class=\"elementor elementor-4794\" data-elementor-post-type=\"page\">\n\t\t\t\t\t\t<section class=\"elementor-section elementor-top-section elementor-element elementor-element-891b8fc elementor-section-full_width elementor-section-height-full elementor-section-height-default elementor-section-items-middle\" data-id=\"891b8fc\" data-element_type=\"section\">\n\t\t\t\t\t\t<div class=\"elementor-container elementor-column-gap-default\">\n\t\t\t\t\t<div class=\"elementor-column elementor-col-100 elementor-top-column elementor-element elementor-element-41288e7\" data-id=\"41288e7\" data-element_type=\"column\">\n\t\t\t<div class=\"elementor-widget-wrap elementor-element-populated\">\n\t\t\t\t\t\t<div class=\"elementor-element elementor-element-38c0625 elementor-widget__width-inherit elementor-widget elementor-widget-shortcode\" data-id=\"38c0625\" data-element_type=\"widget\" data-widget_type=\"shortcode.default\">\n\t\t\t\t<div class=\"elementor-widget-container\">\n\t\t\t\t\t\t\t<div class=\"elementor-shortcode\"><div id=\"rgm-spa-root\" style=\"width:100%; height:600px;\"><\/div><\/div>\n\t\t\t\t\t\t<\/div>\n\t\t\t\t<\/div>\n\t\t\t\t\t<\/div>\n\t\t<\/div>\n\t\t\t\t\t<\/div>\n\t\t<\/section>\n\t\t\t\t<section class=\"elementor-section elementor-top-section elementor-element elementor-element-4089f45 elementor-section-boxed elementor-section-height-default elementor-section-height-default\" data-id=\"4089f45\" data-element_type=\"section\">\n\t\t\t\t\t\t<div class=\"elementor-container elementor-column-gap-default\">\n\t\t\t\t\t<div class=\"elementor-column elementor-col-100 elementor-top-column elementor-element elementor-element-e6b6c98\" data-id=\"e6b6c98\" data-element_type=\"column\">\n\t\t\t<div class=\"elementor-widget-wrap elementor-element-populated\">\n\t\t\t\t\t\t<section class=\"elementor-section elementor-inner-section elementor-element elementor-element-ed24c9d elementor-section-boxed elementor-section-height-default elementor-section-height-default\" data-id=\"ed24c9d\" data-element_type=\"section\">\n\t\t\t\t\t\t<div class=\"elementor-container elementor-column-gap-default\">\n\t\t\t\t\t<div class=\"elementor-column elementor-col-50 elementor-inner-column elementor-element elementor-element-1dba7e8\" data-id=\"1dba7e8\" data-element_type=\"column\">\n\t\t\t<div class=\"elementor-widget-wrap elementor-element-populated\">\n\t\t\t\t\t\t<div class=\"elementor-element elementor-element-63726f5 elementor-widget elementor-widget-text-editor\" data-id=\"63726f5\" data-element_type=\"widget\" data-widget_type=\"text-editor.default\">\n\t\t\t\t<div class=\"elementor-widget-container\">\n\t\t\t\t\t\t\t\t\t<h3>Leyenda:<\/h3>\n<p><img decoding=\"async\" src=\"https:\/\/nattuar.com\/wp-content\/uploads\/2025\/08\/gas-station-a-150x150.png\" alt=\"\" width=\"30\" height=\"30\">Estaciones de servicio con un 18 c\u00e9nt. de descuento.<\/p>\n<p><img decoding=\"async\" src=\"https:\/\/nattuar.com\/wp-content\/uploads\/2025\/08\/gas-station-b-300x300.png\" alt=\"\" width=\"32\" height=\"32\">Estaciones de servicio con un 22 c\u00e9nt.&nbsp;de descuento.<\/p>\n<p data-prosemirror-content-type=\"node\" data-prosemirror-node-name=\"paragraph\" data-prosemirror-node-block=\"true\" data-pm-slice=\"1 1 []\">CORTESIA DE NATTUAR PARA DIREBUS ESPA\u00d1A Y UNIBUS JA\u00c9N.<\/p>\n<p data-prosemirror-content-type=\"node\" data-prosemirror-node-name=\"paragraph\" data-prosemirror-node-block=\"true\" data-pm-slice=\"1 1 []\">Si est\u00e1s interesado en alguno de nuestros servicios puedes pinchar <a href=\"https:\/\/nattuar.com\/de\/tarifa-plana\/\">hier<\/a><\/p>\n<p data-prosemirror-content-type=\"node\" data-prosemirror-node-name=\"paragraph\" data-prosemirror-node-block=\"true\" data-pm-slice=\"1 1 []\">\n<\/p>\t\t\t\t\t\t\t\t<\/div>\n\t\t\t\t<\/div>\n\t\t\t\t\t<\/div>\n\t\t<\/div>\n\t\t\t\t<div class=\"elementor-column elementor-col-50 elementor-inner-column elementor-element elementor-element-7b11c0f\" data-id=\"7b11c0f\" data-element_type=\"column\">\n\t\t\t<div class=\"elementor-widget-wrap\">\n\t\t\t\t\t\t\t<\/div>\n\t\t<\/div>\n\t\t\t\t\t<\/div>\n\t\t<\/section>\n\t\t\t\t\t<\/div>\n\t\t<\/div>\n\t\t\t\t\t<\/div>\n\t\t<\/section>\n\t\t\t\t<\/div>","protected":false},"excerpt":{"rendered":"<p>Leyenda: Estaciones de servicio con un 18 c\u00e9nt. de descuento. Estaciones de servicio con un 22 c\u00e9nt.&nbsp;de descuento. CORTESIA DE NATTUAR PARA DIREBUS ESPA\u00d1A Y UNIBUS JA\u00c9N. Si est\u00e1s interesado en alguno de nuestros servicios puedes pinchar aqu\u00ed<\/p>","protected":false},"author":2,"featured_media":0,"parent":0,"menu_order":0,"comment_status":"closed","ping_status":"closed","template":"elementor_header_footer","meta":{"footnotes":""},"class_list":["post-4794","page","type-page","status-publish","hentry"],"_links":{"self":[{"href":"https:\/\/nattuar.com\/de\/wp-json\/wp\/v2\/pages\/4794","targetHints":{"allow":["GET"]}}],"collection":[{"href":"https:\/\/nattuar.com\/de\/wp-json\/wp\/v2\/pages"}],"about":[{"href":"https:\/\/nattuar.com\/de\/wp-json\/wp\/v2\/types\/page"}],"author":[{"embeddable":true,"href":"https:\/\/nattuar.com\/de\/wp-json\/wp\/v2\/users\/2"}],"replies":[{"embeddable":true,"href":"https:\/\/nattuar.com\/de\/wp-json\/wp\/v2\/comments?post=4794"}],"version-history":[{"count":41,"href":"https:\/\/nattuar.com\/de\/wp-json\/wp\/v2\/pages\/4794\/revisions"}],"predecessor-version":[{"id":5065,"href":"https:\/\/nattuar.com\/de\/wp-json\/wp\/v2\/pages\/4794\/revisions\/5065"}],"wp:attachment":[{"href":"https:\/\/nattuar.com\/de\/wp-json\/wp\/v2\/media?parent=4794"}],"curies":[{"name":"wp","href":"https:\/\/api.w.org\/{rel}","templated":true}]}}