{"id":5139,"date":"2025-09-08T20:14:25","date_gmt":"2025-09-08T20:14:25","guid":{"rendered":"https:\/\/nattuar.com\/?page_id=5139"},"modified":"2025-09-08T20:15:39","modified_gmt":"2025-09-08T20:15:39","slug":"terminos-y-condiciones","status":"publish","type":"page","link":"https:\/\/nattuar.com\/de\/terminos-y-condiciones\/","title":{"rendered":"T\u00e9rminos y Condiciones"},"content":{"rendered":"<div data-elementor-type=\"wp-page\" data-elementor-id=\"5139\" class=\"elementor elementor-5139\" data-elementor-post-type=\"page\">\n\t\t\t\t\t\t<section class=\"elementor-section elementor-top-section elementor-element elementor-element-568da06 elementor-section-boxed elementor-section-height-default elementor-section-height-default\" data-id=\"568da06\" data-element_type=\"section\">\n\t\t\t\t\t\t<div class=\"elementor-container elementor-column-gap-default\">\n\t\t\t\t\t<div class=\"elementor-column elementor-col-100 elementor-top-column elementor-element elementor-element-10d4555\" data-id=\"10d4555\" data-element_type=\"column\">\n\t\t\t<div class=\"elementor-widget-wrap elementor-element-populated\">\n\t\t\t\t\t\t<div class=\"elementor-element elementor-element-5509482 elementor-widget elementor-widget-spacer\" data-id=\"5509482\" data-element_type=\"widget\" data-widget_type=\"spacer.default\">\n\t\t\t\t<div class=\"elementor-widget-container\">\n\t\t\t\t\t\t\t<div class=\"elementor-spacer\">\n\t\t\t<div class=\"elementor-spacer-inner\"><\/div>\n\t\t<\/div>\n\t\t\t\t\t\t<\/div>\n\t\t\t\t<\/div>\n\t\t\t\t<div class=\"elementor-element elementor-element-46b0ba0 elementor-widget elementor-widget-heading\" data-id=\"46b0ba0\" data-element_type=\"widget\" data-widget_type=\"heading.default\">\n\t\t\t\t<div class=\"elementor-widget-container\">\n\t\t\t\t\t<h1 class=\"elementor-heading-title elementor-size-default\">T\u00e9rminos y Condiciones<\/h1>\t\t\t\t<\/div>\n\t\t\t\t<\/div>\n\t\t\t\t<div class=\"elementor-element elementor-element-382dcc5 elementor-widget elementor-widget-text-editor\" data-id=\"382dcc5\" data-element_type=\"widget\" data-widget_type=\"text-editor.default\">\n\t\t\t\t<div class=\"elementor-widget-container\">\n\t\t\t\t\t\t\t\t\t<p data-start=\"360\" data-end=\"709\">Estos t\u00e9rminos y condiciones regulan el uso de los servicios ofrecidos por <strong data-start=\"435\" data-end=\"446\">Nattuar<\/strong>, incluyendo branding, dise\u00f1o, desarrollo web, automatizaciones, gesti\u00f3n de redes sociales, email marketing, campa\u00f1as publicitarias y creaci\u00f3n de aplicaciones. Al contratar cualquiera de nuestros planes, el cliente acepta los t\u00e9rminos descritos en este documento.<\/p><hr data-start=\"711\" data-end=\"714\" \/><h2 data-start=\"716\" data-end=\"749\">1. Branding e Identidad Visual<\/h2><ul data-start=\"751\" data-end=\"1195\"><li data-start=\"751\" data-end=\"896\"><p data-start=\"753\" data-end=\"896\">El desarrollo de branding e identidad visual tiene una <strong data-start=\"808\" data-end=\"842\">duraci\u00f3n estimada de 2 semanas<\/strong>, pudiendo variar seg\u00fan la complejidad del proyecto.<\/p><\/li><li data-start=\"897\" data-end=\"986\"><p data-start=\"899\" data-end=\"986\">El cliente podr\u00e1 solicitar cambios y ajustes mientras el plan contratado est\u00e9 activo.<\/p><\/li><li data-start=\"987\" data-end=\"1092\"><p data-start=\"989\" data-end=\"1092\">La identidad visual incluye logotipo, paleta de colores, tipograf\u00edas y lineamientos b\u00e1sicos de marca.<\/p><\/li><li data-start=\"1093\" data-end=\"1195\"><p data-start=\"1095\" data-end=\"1195\">Cualquier material adicional solicitado fuera del alcance inicial podr\u00e1 presupuestarse por separado.<\/p><\/li><\/ul><hr data-start=\"1197\" data-end=\"1200\" \/><h2 data-start=\"1202\" data-end=\"1217\">2. Sitio Web<\/h2><ul data-start=\"1219\" data-end=\"1696\"><li data-start=\"1219\" data-end=\"1370\"><p data-start=\"1221\" data-end=\"1370\">La p\u00e1gina web se entregar\u00e1 en el <strong data-start=\"1254\" data-end=\"1268\">primer mes<\/strong>, dependiendo de la complejidad del proyecto y la carga de contenidos proporcionados por el cliente.<\/p><\/li><li data-start=\"1371\" data-end=\"1450\"><p data-start=\"1373\" data-end=\"1450\">La web permanecer\u00e1 <strong data-start=\"1392\" data-end=\"1447\">online \u00fanicamente mientras la membres\u00eda est\u00e9 al d\u00eda<\/strong>.<\/p><\/li><li data-start=\"1451\" data-end=\"1573\"><p data-start=\"1453\" data-end=\"1573\">Si el cliente deja de pagar, el sitio web podr\u00e1 <strong data-start=\"1501\" data-end=\"1531\">desactivarse temporalmente<\/strong> hasta que se regularice la suscripci\u00f3n.<\/p><\/li><li data-start=\"1574\" data-end=\"1696\"><p data-start=\"1576\" data-end=\"1696\">Se garantiza una web optimizada, adaptable (responsive) y funcional en todos los navegadores y dispositivos compatibles.<\/p><\/li><\/ul><hr data-start=\"1698\" data-end=\"1701\" \/><h2 data-start=\"1703\" data-end=\"1737\">3. Aplicaci\u00f3n M\u00f3vil (Plan Gold)<\/h2><ul data-start=\"1739\" data-end=\"2156\"><li data-start=\"1739\" data-end=\"1890\"><p data-start=\"1741\" data-end=\"1890\">El Plan Gold incluye el desarrollo de una <strong data-start=\"1783\" data-end=\"1804\">aplicaci\u00f3n b\u00e1sica<\/strong> que refleja el contenido de la web, disponible para dispositivos <strong data-start=\"1870\" data-end=\"1887\">iOS y Android<\/strong>.<\/p><\/li><li data-start=\"1891\" data-end=\"2040\"><p data-start=\"1893\" data-end=\"2040\">Para aplicaciones personalizadas con funciones avanzadas (reservas, e-commerce, integraciones, etc.), se elaborar\u00e1 un <strong data-start=\"2011\" data-end=\"2037\">presupuesto espec\u00edfico<\/strong>.<\/p><\/li><li data-start=\"2041\" data-end=\"2156\"><p data-start=\"2043\" data-end=\"2156\">Las aplicaciones estar\u00e1n disponibles en las tiendas oficiales una vez aprobadas por los respectivos marketplaces.<\/p><\/li><\/ul><hr data-start=\"2158\" data-end=\"2161\" \/><h2 data-start=\"2163\" data-end=\"2205\">4. Automatizaciones y Contenidos con IA<\/h2><ul data-start=\"2207\" data-end=\"2554\"><li data-start=\"2207\" data-end=\"2332\"><p data-start=\"2209\" data-end=\"2332\">Los blogs automatizados y contenidos generados por IA ser\u00e1n siempre <strong data-start=\"2277\" data-end=\"2295\">personalizados<\/strong> al sector y objetivos del cliente.<\/p><\/li><li data-start=\"2333\" data-end=\"2418\"><p data-start=\"2335\" data-end=\"2418\">El cliente es responsable de aprobar temas y directrices antes de su publicaci\u00f3n.<\/p><\/li><li data-start=\"2419\" data-end=\"2554\"><p data-start=\"2421\" data-end=\"2554\">Nattuar no se hace responsable de errores menores derivados del uso de IA, pero garantiza supervisi\u00f3n humana previa a la publicaci\u00f3n.<\/p><\/li><\/ul><hr data-start=\"2556\" data-end=\"2559\" \/><h2 data-start=\"2561\" data-end=\"2592\">5. Gesti\u00f3n de Redes Sociales<\/h2><ul data-start=\"2594\" data-end=\"2885\"><li data-start=\"2594\" data-end=\"2689\"><p data-start=\"2596\" data-end=\"2689\">Incluye la creaci\u00f3n, configuraci\u00f3n y publicaci\u00f3n peri\u00f3dica en las redes sociales acordadas.<\/p><\/li><li data-start=\"2690\" data-end=\"2755\"><p data-start=\"2692\" data-end=\"2755\">La frecuencia de publicaciones depender\u00e1 del plan contratado.<\/p><\/li><li data-start=\"2756\" data-end=\"2885\"><p data-start=\"2758\" data-end=\"2885\">El cliente debe proporcionar informaci\u00f3n, im\u00e1genes o materiales espec\u00edficos cuando sean necesarios para campa\u00f1as o promociones.<\/p><\/li><\/ul><hr data-start=\"2887\" data-end=\"2890\" \/><h2 data-start=\"2892\" data-end=\"2926\">6. Campa\u00f1as Publicitarias (Ads)<\/h2><ul data-start=\"2928\" data-end=\"3220\"><li data-start=\"2928\" data-end=\"3072\"><p data-start=\"2930\" data-end=\"3072\">En planes que incluyen gesti\u00f3n de Ads, Nattuar configurar\u00e1 cuentas publicitarias enfocadas en <strong data-start=\"3024\" data-end=\"3031\">SEM<\/strong> y optimizar\u00e1 las campa\u00f1as activamente.<\/p><\/li><li data-start=\"3073\" data-end=\"3150\"><p data-start=\"3075\" data-end=\"3150\">Los reportes ser\u00e1n entregados de forma <strong data-start=\"3114\" data-end=\"3135\">mensual o semanal<\/strong>, seg\u00fan plan.<\/p><\/li><li data-start=\"3151\" data-end=\"3220\"><p data-start=\"3153\" data-end=\"3220\">El presupuesto publicitario es <strong data-start=\"3184\" data-end=\"3201\">independiente<\/strong> al costo del plan.<\/p><\/li><\/ul><hr data-start=\"3222\" data-end=\"3225\" \/><h2 data-start=\"3227\" data-end=\"3261\">7. Newsletter y Email Marketing<\/h2><ul data-start=\"3263\" data-end=\"3493\"><li data-start=\"3263\" data-end=\"3361\"><p data-start=\"3265\" data-end=\"3361\">Se realizar\u00e1n campa\u00f1as semanales a una base de datos de clientes proporcionada por el cliente.<\/p><\/li><li data-start=\"3362\" data-end=\"3493\"><p data-start=\"3364\" data-end=\"3493\">Nattuar no provee listas de correos; la base de datos debe cumplir con las normativas vigentes de <strong data-start=\"3462\" data-end=\"3492\">protecci\u00f3n de datos (GDPR)<\/strong>.<\/p><\/li><\/ul><hr data-start=\"3495\" data-end=\"3498\" \/><h2 data-start=\"3500\" data-end=\"3533\">8. Mantenimiento Web y Soporte<\/h2><ul data-start=\"3535\" data-end=\"3884\"><li data-start=\"3535\" data-end=\"3689\"><p data-start=\"3537\" data-end=\"3689\">Incluye actualizaciones de seguridad, monitoreo diario de disponibilidad, optimizaci\u00f3n de velocidad, respaldo peri\u00f3dico y soporte t\u00e9cnico por tickets.<\/p><\/li><li data-start=\"3690\" data-end=\"3800\"><p data-start=\"3692\" data-end=\"3800\">Los tickets tienen un <strong data-start=\"3714\" data-end=\"3763\">tiempo de respuesta de hasta 72 horas h\u00e1biles<\/strong>, priorizando incidencias cr\u00edticas.<\/p><\/li><li data-start=\"3801\" data-end=\"3884\"><p data-start=\"3803\" data-end=\"3884\">Ajustes o cambios mayores fuera del alcance inicial podr\u00e1n presupuestarse aparte.<\/p><\/li><\/ul><hr data-start=\"3886\" data-end=\"3889\" \/><h2 data-start=\"3891\" data-end=\"3918\">9. Pagos y Suscripciones<\/h2><ul data-start=\"3920\" data-end=\"4294\"><li data-start=\"3920\" data-end=\"3992\"><p data-start=\"3922\" data-end=\"3992\">El pago es <strong data-start=\"3933\" data-end=\"3960\">mensual por suscripci\u00f3n<\/strong> y se renueva autom\u00e1ticamente.<\/p><\/li><li data-start=\"3993\" data-end=\"4094\"><p data-start=\"3995\" data-end=\"4094\">Si el pago no se recibe en el plazo acordado, <strong data-start=\"4041\" data-end=\"4091\">los servicios podr\u00e1n suspenderse temporalmente<\/strong>.<\/p><\/li><li data-start=\"4095\" data-end=\"4162\"><p data-start=\"4097\" data-end=\"4162\">No se realizan reembolsos parciales por periodos no utilizados.<\/p><\/li><li data-start=\"4163\" data-end=\"4294\"><p data-start=\"4165\" data-end=\"4294\">La suscripci\u00f3n puede <strong data-start=\"4186\" data-end=\"4221\">cancelarse en cualquier momento<\/strong>, sin penalizaciones, permaneciendo activa hasta finalizar el mes pagado.<\/p><\/li><\/ul><hr data-start=\"4296\" data-end=\"4299\" \/><h2 data-start=\"4301\" data-end=\"4329\">10. Propiedad Intelectual<\/h2><ul data-start=\"4331\" data-end=\"4752\"><li data-start=\"4331\" data-end=\"4412\"><p data-start=\"4333\" data-end=\"4412\">El cliente conserva todos los derechos sobre su contenido, im\u00e1genes y marcas.<\/p><\/li><li data-start=\"4413\" data-end=\"4573\"><p data-start=\"4415\" data-end=\"4573\">Nattuar retiene derechos de autor sobre dise\u00f1os, plantillas y software propietario desarrollado, otorgando <strong data-start=\"4522\" data-end=\"4541\">licencia de uso<\/strong> mientras dure la suscripci\u00f3n.<\/p><\/li><li data-start=\"4574\" data-end=\"4752\"><p data-start=\"4576\" data-end=\"4752\">Al cancelar la suscripci\u00f3n, el cliente podr\u00e1 solicitar una copia de su web, pero ciertas funcionalidades (automatizaciones, integraciones premium) pueden quedar deshabilitadas.<\/p><\/li><\/ul><hr data-start=\"4754\" data-end=\"4757\" \/><h2 data-start=\"4759\" data-end=\"4795\">11. Responsabilidades del Cliente<\/h2><ul data-start=\"4797\" data-end=\"5055\"><li data-start=\"4797\" data-end=\"4879\"><p data-start=\"4799\" data-end=\"4879\">Proporcionar informaci\u00f3n veraz, im\u00e1genes y contenidos en los plazos acordados.<\/p><\/li><li data-start=\"4880\" data-end=\"4961\"><p data-start=\"4882\" data-end=\"4961\">Mantener activa su suscripci\u00f3n para asegurar la continuidad de los servicios.<\/p><\/li><li data-start=\"4962\" data-end=\"5055\"><p data-start=\"4964\" data-end=\"5055\">Cumplir con normativas locales e internacionales (ej. GDPR) en el uso de datos de clientes.<\/p><\/li><\/ul><hr data-start=\"5057\" data-end=\"5060\" \/><h2 data-start=\"5062\" data-end=\"5098\">12. Limitaci\u00f3n de Responsabilidad<\/h2><ul data-start=\"5100\" data-end=\"5382\"><li data-start=\"5100\" data-end=\"5287\"><p data-start=\"5102\" data-end=\"5287\">Nattuar no ser\u00e1 responsable por interrupciones externas como ca\u00eddas de servidores de terceros, errores de plataformas externas o incumplimiento de normativas ajenas a nuestro control.<\/p><\/li><li data-start=\"5288\" data-end=\"5382\"><p data-start=\"5290\" data-end=\"5382\">Nattuar garantiza soporte t\u00e9cnico y resoluci\u00f3n de incidencias bajo los tiempos establecidos.<\/p><\/li><\/ul><hr data-start=\"5384\" data-end=\"5387\" \/><h2 data-start=\"5389\" data-end=\"5425\">13. Modificaciones a los T\u00e9rminos<\/h2><ul data-start=\"5427\" data-end=\"5638\"><li data-start=\"5427\" data-end=\"5556\"><p data-start=\"5429\" data-end=\"5556\">Nattuar se reserva el derecho de modificar estos t\u00e9rminos, notificando a los clientes con al menos <strong data-start=\"5528\" data-end=\"5553\">15 d\u00edas de antelaci\u00f3n<\/strong>.<\/p><\/li><li data-start=\"5557\" data-end=\"5638\"><p data-start=\"5559\" data-end=\"5638\">Continuar con el uso del servicio implica la aceptaci\u00f3n de los nuevos t\u00e9rminos.<\/p><\/li><\/ul>\t\t\t\t\t\t\t\t<\/div>\n\t\t\t\t<\/div>\n\t\t\t\t\t<\/div>\n\t\t<\/div>\n\t\t\t\t\t<\/div>\n\t\t<\/section>\n\t\t\t\t<\/div>","protected":false},"excerpt":{"rendered":"<p>T\u00e9rminos y Condiciones Estos t\u00e9rminos y condiciones regulan el uso de los servicios ofrecidos por Nattuar, incluyendo branding, dise\u00f1o, desarrollo web, automatizaciones, gesti\u00f3n de redes sociales, email marketing, campa\u00f1as publicitarias y creaci\u00f3n de aplicaciones. Al contratar cualquiera de nuestros planes, el cliente acepta los t\u00e9rminos descritos en este documento. 1. Branding e Identidad Visual El [&hellip;]<\/p>","protected":false},"author":2,"featured_media":0,"parent":0,"menu_order":0,"comment_status":"closed","ping_status":"closed","template":"elementor_header_footer","meta":{"footnotes":""},"class_list":["post-5139","page","type-page","status-publish","hentry"],"_links":{"self":[{"href":"https:\/\/nattuar.com\/de\/wp-json\/wp\/v2\/pages\/5139","targetHints":{"allow":["GET"]}}],"collection":[{"href":"https:\/\/nattuar.com\/de\/wp-json\/wp\/v2\/pages"}],"about":[{"href":"https:\/\/nattuar.com\/de\/wp-json\/wp\/v2\/types\/page"}],"author":[{"embeddable":true,"href":"https:\/\/nattuar.com\/de\/wp-json\/wp\/v2\/users\/2"}],"replies":[{"embeddable":true,"href":"https:\/\/nattuar.com\/de\/wp-json\/wp\/v2\/comments?post=5139"}],"version-history":[{"count":4,"href":"https:\/\/nattuar.com\/de\/wp-json\/wp\/v2\/pages\/5139\/revisions"}],"predecessor-version":[{"id":5143,"href":"https:\/\/nattuar.com\/de\/wp-json\/wp\/v2\/pages\/5139\/revisions\/5143"}],"wp:attachment":[{"href":"https:\/\/nattuar.com\/de\/wp-json\/wp\/v2\/media?parent=5139"}],"curies":[{"name":"wp","href":"https:\/\/api.w.org\/{rel}","templated":true}]}}