{"id":5217,"date":"2025-10-22T15:14:43","date_gmt":"2025-10-22T15:14:43","guid":{"rendered":"https:\/\/nattuar.com\/?post_type=product&#038;p=5217"},"modified":"2025-10-27T15:20:29","modified_gmt":"2025-10-27T15:20:29","slug":"gestion-de-redes-sociales","status":"publish","type":"product","link":"https:\/\/nattuar.com\/de\/produkt\/gestion-de-redes-sociales\/","title":{"rendered":"Gesti\u00f3n de Redes Sociales"},"content":{"rendered":"<p data-start=\"339\" data-end=\"383\"><strong data-start=\"339\" data-end=\"383\">Haz que tu marca cobre vida en las redes<\/strong><\/p>\n<p data-start=\"385\" data-end=\"587\">El servicio de <strong data-start=\"400\" data-end=\"429\">Gesti\u00f3n de Redes Sociales<\/strong> de Nattuar est\u00e1 dise\u00f1ado para construir una presencia activa, coherente y profesional en las plataformas m\u00e1s importantes como <strong data-start=\"556\" data-end=\"569\">Instagram<\/strong> y <strong data-start=\"572\" data-end=\"584\">Facebook<\/strong>.<\/p>\n<p data-start=\"589\" data-end=\"925\">Creamos una estrategia de comunicaci\u00f3n visual y de contenido adaptada a los objetivos de tu marca. Esto incluye la <strong data-start=\"704\" data-end=\"743\">planificaci\u00f3n mensual de contenidos<\/strong>, el <strong data-start=\"748\" data-end=\"780\">dise\u00f1o gr\u00e1fico personalizado<\/strong> de cada publicaci\u00f3n y la <strong data-start=\"806\" data-end=\"849\">redacci\u00f3n de textos atractivos (copies)<\/strong> con uso estrat\u00e9gico de hashtags para mejorar el alcance y la interacci\u00f3n.<\/p>\n<p data-start=\"927\" data-end=\"1214\">Cada mes realizamos <strong data-start=\"947\" data-end=\"982\">12 publicaciones (3 por semana)<\/strong> y <strong data-start=\"985\" data-end=\"998\">6 stories<\/strong> (2 por semana), manteniendo tu perfil siempre actualizado y alineado con tu identidad visual. Adem\u00e1s, elaboramos un <strong data-start=\"1115\" data-end=\"1147\">an\u00e1lisis mensual de m\u00e9tricas<\/strong> para evaluar resultados y optimizar el rendimiento de tus redes.<\/p>\n<p data-start=\"927\" data-end=\"1214\">Paga solo los meses que desees utilizar este servicio y canc\u00e9lalo cuando quieras, sin compromiso ni permanencia.<\/p>","protected":false},"excerpt":{"rendered":"<p>Haz que tu marca cobre vida en las redes El servicio de Gesti\u00f3n de Redes Sociales de Nattuar est\u00e1 dise\u00f1ado para construir una presencia activa, coherente y profesional en las plataformas m\u00e1s importantes como Instagram y Facebook. Creamos una estrategia de comunicaci\u00f3n visual y de contenido adaptada a los objetivos de tu marca. Esto incluye [&hellip;]<\/p>","protected":false},"featured_media":5236,"template":"","meta":[],"product_brand":[],"product_cat":[35],"product_tag":[],"class_list":{"0":"post-5217","1":"product","2":"type-product","3":"status-publish","4":"has-post-thumbnail","6":"product_cat-sin-categorizar","8":"first","9":"instock","10":"sold-individually","11":"taxable","12":"shipping-taxable","13":"purchasable","14":"product-type-simple"},"_links":{"self":[{"href":"https:\/\/nattuar.com\/de\/wp-json\/wp\/v2\/product\/5217","targetHints":{"allow":["GET"]}}],"collection":[{"href":"https:\/\/nattuar.com\/de\/wp-json\/wp\/v2\/product"}],"about":[{"href":"https:\/\/nattuar.com\/de\/wp-json\/wp\/v2\/types\/product"}],"wp:featuredmedia":[{"embeddable":true,"href":"https:\/\/nattuar.com\/de\/wp-json\/wp\/v2\/media\/5236"}],"wp:attachment":[{"href":"https:\/\/nattuar.com\/de\/wp-json\/wp\/v2\/media?parent=5217"}],"wp:term":[{"taxonomy":"product_brand","embeddable":true,"href":"https:\/\/nattuar.com\/de\/wp-json\/wp\/v2\/product_brand?post=5217"},{"taxonomy":"product_cat","embeddable":true,"href":"https:\/\/nattuar.com\/de\/wp-json\/wp\/v2\/product_cat?post=5217"},{"taxonomy":"product_tag","embeddable":true,"href":"https:\/\/nattuar.com\/de\/wp-json\/wp\/v2\/product_tag?post=5217"}],"curies":[{"name":"wp","href":"https:\/\/api.w.org\/{rel}","templated":true}]}}