{"id":2226,"date":"2023-04-21T19:06:49","date_gmt":"2023-04-21T19:06:49","guid":{"rendered":"https:\/\/nattuar.com\/?page_id=2226"},"modified":"2023-05-05T22:34:43","modified_gmt":"2023-05-05T22:34:43","slug":"registro-socio","status":"publish","type":"page","link":"https:\/\/nattuar.com\/en\/registro-socio\/","title":{"rendered":"Registro Socio"},"content":{"rendered":"<div data-elementor-type=\"wp-page\" data-elementor-id=\"2226\" class=\"elementor elementor-2226\" data-elementor-post-type=\"page\">\n\t\t\t\t\t\t<section class=\"elementor-section elementor-top-section elementor-element elementor-element-a2392f0 elementor-section-height-min-height elementor-section-stretched elementor-section-boxed elementor-section-height-default elementor-section-items-middle\" data-id=\"a2392f0\" data-element_type=\"section\" data-settings=\"{&quot;stretch_section&quot;:&quot;section-stretched&quot;,&quot;background_background&quot;:&quot;classic&quot;}\">\n\t\t\t\t\t\t\t<div class=\"elementor-background-overlay\"><\/div>\n\t\t\t\t\t\t\t<div class=\"elementor-container elementor-column-gap-default\">\n\t\t\t\t\t<div class=\"elementor-column elementor-col-100 elementor-top-column elementor-element elementor-element-8e4843e elementor-invisible\" data-id=\"8e4843e\" data-element_type=\"column\" data-settings=\"{&quot;animation&quot;:&quot;fadeInLeft&quot;}\">\n\t\t\t<div class=\"elementor-widget-wrap elementor-element-populated\">\n\t\t\t\t\t\t<div class=\"elementor-element elementor-element-aae4630 elementor-widget elementor-widget-heading\" data-id=\"aae4630\" data-element_type=\"widget\" data-widget_type=\"heading.default\">\n\t\t\t\t<div class=\"elementor-widget-container\">\n\t\t\t\t\t<h3 class=\"elementor-heading-title elementor-size-default\">\u00bfEst\u00e1s listo para convertirte en Socio?<br>\nRellena el formulario a continuaci\u00f3n.<\/h3>\t\t\t\t<\/div>\n\t\t\t\t<\/div>\n\t\t\t\t<div class=\"elementor-element elementor-element-0cb6aa5 elementor-widget elementor-widget-heading\" data-id=\"0cb6aa5\" data-element_type=\"widget\" data-widget_type=\"heading.default\">\n\t\t\t\t<div class=\"elementor-widget-container\">\n\t\t\t\t\t<h1 class=\"elementor-heading-title elementor-size-default\">APLICA PARA SER <b class=\"verde\">SOCIO-CONSULTOR<\/b><br>DE NATTUAR HOY<\/h1>\t\t\t\t<\/div>\n\t\t\t\t<\/div>\n\t\t\t\t<div class=\"elementor-element elementor-element-4c0153d elementor-widget-divider--view-line elementor-widget elementor-widget-divider\" data-id=\"4c0153d\" data-element_type=\"widget\" data-widget_type=\"divider.default\">\n\t\t\t\t<div class=\"elementor-widget-container\">\n\t\t\t\t\t\t\t<div class=\"elementor-divider\">\n\t\t\t<span class=\"elementor-divider-separator\">\n\t\t\t\t\t\t<\/span>\n\t\t<\/div>\n\t\t\t\t\t\t<\/div>\n\t\t\t\t<\/div>\n\t\t\t\t<section class=\"elementor-section elementor-inner-section elementor-element elementor-element-2f4f7e9 elementor-section-boxed elementor-section-height-default elementor-section-height-default\" data-id=\"2f4f7e9\" data-element_type=\"section\">\n\t\t\t\t\t\t<div class=\"elementor-container elementor-column-gap-default\">\n\t\t\t\t\t<div class=\"elementor-column elementor-col-50 elementor-inner-column elementor-element elementor-element-8497ddc\" data-id=\"8497ddc\" data-element_type=\"column\">\n\t\t\t<div class=\"elementor-widget-wrap elementor-element-populated\">\n\t\t\t\t\t\t<div class=\"elementor-element elementor-element-28461e0 elementor-widget elementor-widget-shortcode\" data-id=\"28461e0\" data-element_type=\"widget\" data-widget_type=\"shortcode.default\">\n\t\t\t\t<div class=\"elementor-widget-container\">\n\t\t\t\t\t\t\t<div class=\"elementor-shortcode\"><style id='mailster-form-default' type='text\/css'>.mailster-embeded-form body{background:0;padding:0;margin:0}.mailster-embeded-form .mailster-form-body{padding:5px !important;margin:auto !important}.mailster-form-wrap{max-width:100%;max-height:95%;min-width:100px;-webkit-overflow-scrolling:touch}.mailster-form{margin-bottom:20px;position:relative}.mailster-form:before{content:'';position:absolute;display:block;height:100%;width:100%;z-index:1;background-repeat:no-repeat;background-position:center center;background-size:20px 20px;background-image:url('https:\/\/nattuar.com\/wp-content\/plugins\/mailster\/assets\/css\/..\/img\/loading.gif');visibility:hidden;opacity:0;transition:opacity .15s ease-in-out}.mailster-form.loading:before{opacity:1;visibility:visible}@media only screen and (-webkit-min-device-pixel-ratio:2),only screen and (min-resolution:192dpi){.mailster-form:before{background-image:url('https:\/\/nattuar.com\/wp-content\/plugins\/mailster\/assets\/css\/..\/img\/loading_2x.gif')}}.mailster-form:after,.mailster-form-fields:after{content:'.';visibility:hidden;display:block;height:0;clear:both}.mailster-form,.mailster-form .input,.mailster-form .mailster-form-info{width:100%;box-sizing:border-box}.mailster-embeded-form .mailster-form{margin-bottom:3px}.mailster-form .mailster-wrapper{position:relative;margin-bottom:2px;transition:opacity .15s ease-in-out}.mailster-form.loading .mailster-wrapper{opacity:.2}.mailster-form textarea.input{resize:vertical;height:150px}.mailster-form li{list-style:none !important;margin-left:0;padding-left:0}span.mailster-required{font-size:120%;font-weight:700;color:#bf4d4d}.mailster-lists-wrapper ul{list-style:none;margin-left:0;padding-left:0}.mailster-lists-wrapper ul li{margin-left:0}.mailster-list-description{color:inherit;display:block;margin-left:25px;font-size:.8em}.mailster-form-info{height:0;border-radius:2px;padding:5px;margin-bottom:4px;color:#fff;padding:9px 16px;transition:all .2s;-webkit-transform:scale(0);-moz-transform:scale(0);-ms-transform:scale(0);transform:scale(0)}.mailster-form.loading .mailster-form-info{opacity:0}.mailster-form-info a{color:#fff}.mailster-form-info.success,.mailster-form-info.error{display:block;height:100%;-webkit-transform:scale(1);-moz-transform:scale(1);-ms-transform:scale(1);transform:scale(1)}.mailster-form .error input,.mailster-form .error select,.mailster-form .error textarea{outline:2px solid #bf4d4d;outline-offset:0}.mailster-form-info.error{background:#bf4d4d}.mailster-form-info.success{background-color:#6fbf4d;text-align:center}.mailster-form-info ul,.mailster-form .mailster-form-info p{margin:0;padding:0;max-width:initial}.mailster-form-info ul li{color:inherit;margin-left:0}.mailster-submit-wrapper{margin-top:6px}.mailster-form .submit-button{cursor:pointer}.mailster-form .submit-button:focus{outline:0}<\/style><style type=\"text\/css\" media=\"screen\" class=\"mailster-custom-form-css\">\n.mailster-form.mailster-form-5 .mailster-wrapper label{color:#ffffff;}\n.mailster-form.mailster-form-5 .submit-button{background-color:#00d2a5;color:#ffffff;}\n<\/style>\n<form action=\"https:\/\/nattuar.com\/en\/mailster\/subscribe\/\" method=\"post\" class=\"mailster-form mailster-form-submit mailster-ajax-form mailster-form-5\" novalidate data-trp-original-action=\"https:\/\/nattuar.com\/en\/mailster\/subscribe\"><input name=\"_action\" type=\"hidden\" value=\"subscribe\">\n<input name=\"_timestamp\" type=\"hidden\" value=\"1775912225\">\n<input name=\"_referer\" type=\"hidden\" value=\"https:\/\/nattuar.com\/en\/en\/wp-json\/wp\/v2\/pages\/2226\">\n<input name=\"_nonce\" type=\"hidden\" value=\"3620bcf647\">\n<input name=\"formid\" type=\"hidden\" value=\"5\">\n<div class=\"mailster-form-fields\">\n<div class=\"mailster-wrapper mailster-firstname-wrapper\"><input id=\"mailster-firstname-5\" name=\"firstname\" type=\"text\" value=\"\" placeholder=\"Name\" class=\"input mailster-firstname mailster-required\" aria-required=\"true\" aria-label=\"Name\"><\/div>\n<div class=\"mailster-wrapper mailster-email-wrapper\"><input id=\"mailster-email-5\" name=\"email\" type=\"email\" value=\"\" placeholder=\"Email\" class=\"input mailster-email mailster-required\" aria-required=\"true\" aria-label=\"Email\" spellcheck=\"false\"><\/div>\n<div style=\"position:absolute;top:-99999px;left:-99999px;z-index:-99;\"><input name=\"n_09f582bbb7_email\" type=\"email\" tabindex=\"-1\" autocomplete=\"noton\" autofill=\"off\"><\/div>\n<div class=\"mailster-wrapper mailster-profesional-wrapper\"><label for=\"mailster-profesional-5\">\u00bfQu\u00e9 tipo de profesional eres?<\/label><ul class=\"mailster-list\"><li><label><input id=\"mailster-profesional-5-0\" name=\"profesional\" type=\"radio\" value=\"Aut\u00f3nomo\" class=\"radio mailster-profesional mailster-required\"  aria-label=\"Aut\u00f3nomo\"> Aut\u00f3nomo<\/label><\/li><li><label><input id=\"mailster-profesional-5-1\" name=\"profesional\" type=\"radio\" value=\"Empresa\" class=\"radio mailster-profesional mailster-required\"  aria-label=\"Empresa\"> Empresa<\/label><\/li><\/ul><\/div>\n<div class=\"mailster-wrapper mailster-clientes-wrapper\"><label for=\"mailster-clientes-5\">\u00bfTienes ya una cartera de clientes?<\/label><ul class=\"mailster-list\"><li><label><input id=\"mailster-clientes-5-0\" name=\"clientes\" type=\"radio\" value=\"S\u00ed\" class=\"radio mailster-clientes mailster-required\"  aria-label=\"S\u00ed\"> S\u00ed<\/label><\/li><li><label><input id=\"mailster-clientes-5-1\" name=\"clientes\" type=\"radio\" value=\"No\" class=\"radio mailster-clientes mailster-required\"  aria-label=\"No\"> No<\/label><\/li><\/ul><\/div>\n<div class=\"mailster-wrapper mailster-relaciones-wrapper\"><textarea id=\"mailster-relaciones-5\" name=\"relaciones\" placeholder=\"Cu\u00e9ntanos algo relevante sobre tus relaciones comerciales con la Administraci\u00f3n P\u00fablica.\" class=\"input mailster-relaciones\" aria-required=\"false\" aria-label=\"Cu\u00e9ntanos algo relevante sobre tus relaciones comerciales con la Administraci\u00f3n P\u00fablica.\"><\/textarea><\/div>\n<div class=\"mailster-wrapper mailster-poltica-wrapper\"><label for=\"mailster-poltica-5\"><input type=\"hidden\" name=\"poltica\" value=\"0\"><input id=\"mailster-poltica-5\" name=\"poltica\" type=\"checkbox\" value=\"1\"  class=\"mailster-poltica mailster-required\" aria-required=\"true\" aria-label=\"He le\u00eddo y acepto el aviso legal y la pol\u00edtica de privacidad\">  He le\u00eddo y acepto el <a href=\"https:\/\/nattuar.com\/en\/politica-de-privacidad-y-aviso-legal\/\">aviso legal y la pol\u00edtica de privacidad<\/a><\/label><\/div>\n<div class=\"mailster-wrapper mailster-submit-wrapper form-submit\"><input name=\"submit\" type=\"submit\" value=\"Send\" class=\"submit-button button\" aria-label=\"Send\"><\/div>\n<\/div>\n<input type=\"hidden\" name=\"trp-form-language\" value=\"en\"\/><\/form>\n<\/div>\n\t\t\t\t\t\t<\/div>\n\t\t\t\t<\/div>\n\t\t\t\t\t<\/div>\n\t\t<\/div>\n\t\t\t\t<div class=\"elementor-column elementor-col-50 elementor-inner-column elementor-element elementor-element-a6cf3e5\" data-id=\"a6cf3e5\" data-element_type=\"column\">\n\t\t\t<div class=\"elementor-widget-wrap\">\n\t\t\t\t\t\t\t<\/div>\n\t\t<\/div>\n\t\t\t\t\t<\/div>\n\t\t<\/section>\n\t\t\t\t\t<\/div>\n\t\t<\/div>\n\t\t\t\t\t<\/div>\n\t\t<\/section>\n\t\t\t\t<\/div>","protected":false},"excerpt":{"rendered":"<p>\u00bfEst\u00e1s listo para convertirte en Socio? Rellena el formulario a continuaci\u00f3n. APLICA PARA SER SOCIO-CONSULTORDE NATTUAR HOY<\/p>","protected":false},"author":2,"featured_media":0,"parent":0,"menu_order":0,"comment_status":"closed","ping_status":"closed","template":"elementor_header_footer","meta":{"footnotes":""},"class_list":["post-2226","page","type-page","status-publish","hentry"],"_links":{"self":[{"href":"https:\/\/nattuar.com\/en\/wp-json\/wp\/v2\/pages\/2226","targetHints":{"allow":["GET"]}}],"collection":[{"href":"https:\/\/nattuar.com\/en\/wp-json\/wp\/v2\/pages"}],"about":[{"href":"https:\/\/nattuar.com\/en\/wp-json\/wp\/v2\/types\/page"}],"author":[{"embeddable":true,"href":"https:\/\/nattuar.com\/en\/wp-json\/wp\/v2\/users\/2"}],"replies":[{"embeddable":true,"href":"https:\/\/nattuar.com\/en\/wp-json\/wp\/v2\/comments?post=2226"}],"version-history":[{"count":18,"href":"https:\/\/nattuar.com\/en\/wp-json\/wp\/v2\/pages\/2226\/revisions"}],"predecessor-version":[{"id":2608,"href":"https:\/\/nattuar.com\/en\/wp-json\/wp\/v2\/pages\/2226\/revisions\/2608"}],"wp:attachment":[{"href":"https:\/\/nattuar.com\/en\/wp-json\/wp\/v2\/media?parent=2226"}],"curies":[{"name":"wp","href":"https:\/\/api.w.org\/{rel}","templated":true}]}}