{"id":2101,"date":"2023-04-20T22:27:49","date_gmt":"2023-04-20T22:27:49","guid":{"rendered":"https:\/\/nattuar.com\/?page_id=2101"},"modified":"2023-05-06T00:19:14","modified_gmt":"2023-05-06T00:19:14","slug":"portal-de-socios-como-ganar","status":"publish","type":"page","link":"https:\/\/nattuar.com\/fr\/portal-de-socios-como-ganar\/","title":{"rendered":"Portal de Socios C\u00f3mo Ganar"},"content":{"rendered":"<div data-elementor-type=\"wp-page\" data-elementor-id=\"2101\" class=\"elementor elementor-2101\" data-elementor-post-type=\"page\">\n\t\t\t\t\t\t<section class=\"elementor-section elementor-top-section elementor-element elementor-element-27ba6dc elementor-section-height-min-height elementor-section-stretched elementor-section-boxed elementor-section-height-default elementor-section-items-middle\" data-id=\"27ba6dc\" data-element_type=\"section\" data-settings=\"{&quot;stretch_section&quot;:&quot;section-stretched&quot;,&quot;background_background&quot;:&quot;classic&quot;}\">\n\t\t\t\t\t\t\t<div class=\"elementor-background-overlay\"><\/div>\n\t\t\t\t\t\t\t<div class=\"elementor-container elementor-column-gap-default\">\n\t\t\t\t\t<div class=\"elementor-column elementor-col-100 elementor-top-column elementor-element elementor-element-1234255 elementor-invisible\" data-id=\"1234255\" data-element_type=\"column\" data-settings=\"{&quot;animation&quot;:&quot;fadeInLeft&quot;}\">\n\t\t\t<div class=\"elementor-widget-wrap elementor-element-populated\">\n\t\t\t\t\t\t<div class=\"elementor-element elementor-element-7983c89 elementor-widget elementor-widget-heading\" data-id=\"7983c89\" data-element_type=\"widget\" data-widget_type=\"heading.default\">\n\t\t\t\t<div class=\"elementor-widget-container\">\n\t\t\t\t\t<h3 class=\"elementor-heading-title elementor-size-default\">NATTUAR SOCIOS<\/h3>\t\t\t\t<\/div>\n\t\t\t\t<\/div>\n\t\t\t\t<div class=\"elementor-element elementor-element-7403823 elementor-widget elementor-widget-heading\" data-id=\"7403823\" data-element_type=\"widget\" data-widget_type=\"heading.default\">\n\t\t\t\t<div class=\"elementor-widget-container\">\n\t\t\t\t\t<h1 class=\"elementor-heading-title elementor-size-default\">PASOS PARA SER <b class=\"verde\">SOCIO-CONSULTOR<\/b><\/h1>\t\t\t\t<\/div>\n\t\t\t\t<\/div>\n\t\t\t\t<div class=\"elementor-element elementor-element-2454225 elementor-widget-divider--view-line elementor-widget elementor-widget-divider\" data-id=\"2454225\" data-element_type=\"widget\" data-widget_type=\"divider.default\">\n\t\t\t\t<div class=\"elementor-widget-container\">\n\t\t\t\t\t\t\t<div class=\"elementor-divider\">\n\t\t\t<span class=\"elementor-divider-separator\">\n\t\t\t\t\t\t<\/span>\n\t\t<\/div>\n\t\t\t\t\t\t<\/div>\n\t\t\t\t<\/div>\n\t\t\t\t\t<\/div>\n\t\t<\/div>\n\t\t\t\t\t<\/div>\n\t\t<\/section>\n\t\t\t\t<section class=\"elementor-section elementor-top-section elementor-element elementor-element-f5bf829 elementor-section-boxed elementor-section-height-default elementor-section-height-default\" data-id=\"f5bf829\" data-element_type=\"section\" data-settings=\"{&quot;background_background&quot;:&quot;classic&quot;}\">\n\t\t\t\t\t\t\t<div class=\"elementor-background-overlay\"><\/div>\n\t\t\t\t\t\t\t<div class=\"elementor-container elementor-column-gap-default\">\n\t\t\t\t\t<div class=\"elementor-column elementor-col-50 elementor-top-column elementor-element elementor-element-f664bf3\" data-id=\"f664bf3\" data-element_type=\"column\">\n\t\t\t<div class=\"elementor-widget-wrap elementor-element-populated\">\n\t\t\t\t\t\t<section class=\"elementor-section elementor-inner-section elementor-element elementor-element-cbe92f0 elementor-section-boxed elementor-section-height-default elementor-section-height-default\" data-id=\"cbe92f0\" data-element_type=\"section\">\n\t\t\t\t\t\t<div class=\"elementor-container elementor-column-gap-default\">\n\t\t\t\t\t<div class=\"elementor-column elementor-col-100 elementor-inner-column elementor-element elementor-element-e2f79ff\" data-id=\"e2f79ff\" data-element_type=\"column\">\n\t\t\t<div class=\"elementor-widget-wrap elementor-element-populated\">\n\t\t\t\t\t\t<div class=\"elementor-element elementor-element-2890b00 elementor-widget elementor-widget-spacer\" data-id=\"2890b00\" data-element_type=\"widget\" data-widget_type=\"spacer.default\">\n\t\t\t\t<div class=\"elementor-widget-container\">\n\t\t\t\t\t\t\t<div class=\"elementor-spacer\">\n\t\t\t<div class=\"elementor-spacer-inner\"><\/div>\n\t\t<\/div>\n\t\t\t\t\t\t<\/div>\n\t\t\t\t<\/div>\n\t\t\t\t<div class=\"elementor-element elementor-element-68ca574 elementor-widget elementor-widget-template\" data-id=\"68ca574\" data-element_type=\"widget\" data-widget_type=\"template.default\">\n\t\t\t\t<div class=\"elementor-widget-container\">\n\t\t\t\t\t\t\t<div class=\"elementor-template\">\n\t\t\t\t\t<div data-elementor-type=\"section\" data-elementor-id=\"2080\" class=\"elementor elementor-2080\" data-elementor-post-type=\"elementor_library\">\n\t\t\t\t\t<section class=\"elementor-section elementor-top-section elementor-element elementor-element-147e563 elementor-section-boxed elementor-section-height-default elementor-section-height-default\" data-id=\"147e563\" data-element_type=\"section\">\n\t\t\t\t\t\t<div class=\"elementor-container elementor-column-gap-default\">\n\t\t\t\t\t<div class=\"elementor-column elementor-col-100 elementor-top-column elementor-element elementor-element-97f0aa4\" data-id=\"97f0aa4\" data-element_type=\"column\">\n\t\t\t<div class=\"elementor-widget-wrap elementor-element-populated\">\n\t\t\t\t\t\t<div class=\"elementor-element elementor-element-2f7751a elementor-widget-divider--view-line elementor-widget elementor-widget-divider\" data-id=\"2f7751a\" data-element_type=\"widget\" data-widget_type=\"divider.default\">\n\t\t\t\t<div class=\"elementor-widget-container\">\n\t\t\t\t\t\t\t<div class=\"elementor-divider\">\n\t\t\t<span class=\"elementor-divider-separator\">\n\t\t\t\t\t\t<\/span>\n\t\t<\/div>\n\t\t\t\t\t\t<\/div>\n\t\t\t\t<\/div>\n\t\t\t\t\t<\/div>\n\t\t<\/div>\n\t\t\t\t\t<\/div>\n\t\t<\/section>\n\t\t\t\t<\/div>\n\t\t\t\t<\/div>\n\t\t\t\t\t\t<\/div>\n\t\t\t\t<\/div>\n\t\t\t\t\t<\/div>\n\t\t<\/div>\n\t\t\t\t\t<\/div>\n\t\t<\/section>\n\t\t\t\t\t<\/div>\n\t\t<\/div>\n\t\t\t\t<div class=\"elementor-column elementor-col-50 elementor-top-column elementor-element elementor-element-3be0569\" data-id=\"3be0569\" data-element_type=\"column\" data-settings=\"{&quot;background_background&quot;:&quot;classic&quot;}\">\n\t\t\t<div class=\"elementor-widget-wrap elementor-element-populated\">\n\t\t\t\t\t\t<div class=\"elementor-element elementor-element-949f8a5 elementor-widget elementor-widget-heading\" data-id=\"949f8a5\" data-element_type=\"widget\" data-widget_type=\"heading.default\">\n\t\t\t\t<div class=\"elementor-widget-container\">\n\t\t\t\t\t<h2 class=\"elementor-heading-title elementor-size-default\">\u00bfC\u00d3MO GANAR?<br>\nTU NUEVA FUENTE DE INGRESOS<\/h2>\t\t\t\t<\/div>\n\t\t\t\t<\/div>\n\t\t\t\t<div class=\"elementor-element elementor-element-867a7e5 elementor-widget elementor-widget-text-editor\" data-id=\"867a7e5\" data-element_type=\"widget\" data-widget_type=\"text-editor.default\">\n\t\t\t\t<div class=\"elementor-widget-container\">\n\t\t\t\t\t\t\t\t\t<p><span style=\"font-weight: 400;\">Aqu\u00ed es donde ocurre la magia y nace tu nueva fuente de ingresos\u2026<\/span><\/p><p><span style=\"font-weight: 400;\">Queremos ayudarte en todo lo que podamos para que esto sea una realidad, por lo que en esta p\u00e1gina encontrar\u00e1s la informaci\u00f3n m\u00e1s relevante sobre nuestro camino juntos.<\/span><\/p><p><span style=\"font-weight: 400;\">No omitas ninguna secci\u00f3n, pero si\u00e9ntete libre de navegar por la p\u00e1gina como te resulte m\u00e1s c\u00f3modo.<\/span><\/p><ul><li style=\"font-weight: 400;\" aria-level=\"1\"><span style=\"font-weight: 400;\">Tu rol como socio<\/span><\/li><li style=\"font-weight: 400;\" aria-level=\"1\"><span style=\"font-weight: 400;\">D\u00f3nde dirigir esfuerzos<\/span><\/li><li style=\"font-weight: 400;\" aria-level=\"1\"><span style=\"font-weight: 400;\">Servicios ofrecidos por socios<\/span><\/li><li style=\"font-weight: 400;\" aria-level=\"1\"><span style=\"font-weight: 400;\">Comisiones<\/span><\/li><li style=\"font-weight: 400;\" aria-level=\"1\"><span style=\"font-weight: 400;\">Proceso de pago<\/span><\/li><li style=\"font-weight: 400;\" aria-level=\"1\"><span style=\"font-weight: 400;\">Reglas de la asociaci\u00f3n<\/span><\/li><li style=\"font-weight: 400;\" aria-level=\"1\"><span style=\"font-weight: 400;\">M\u00e1s beneficios y oportunidades de promoci\u00f3n<\/span><\/li><\/ul>\t\t\t\t\t\t\t\t<\/div>\n\t\t\t\t<\/div>\n\t\t\t\t<div class=\"elementor-element elementor-element-3245924 elementor-widget elementor-widget-heading\" data-id=\"3245924\" data-element_type=\"widget\" data-widget_type=\"heading.default\">\n\t\t\t\t<div class=\"elementor-widget-container\">\n\t\t\t\t\t<h4 class=\"elementor-heading-title elementor-size-default\">Tu rol como socio<\/h4>\t\t\t\t<\/div>\n\t\t\t\t<\/div>\n\t\t\t\t<div class=\"elementor-element elementor-element-ed50708 elementor-widget elementor-widget-text-editor\" data-id=\"ed50708\" data-element_type=\"widget\" data-widget_type=\"text-editor.default\">\n\t\t\t\t<div class=\"elementor-widget-container\">\n\t\t\t\t\t\t\t\t\t<p><span style=\"font-weight: 400;\">Los socios de NattuAR son embajadores de nuestra marca; corren la voz sobre las ventas basadas en inteligencia tur\u00edstica para destinos tur\u00edsticos y las formas en que nuestros productos ayudan a los destinos y su Administraci\u00f3n competente a hacer crecer sus visitas y darle calidad a las mismas para fidelizar a sus visitantes.<\/span><\/p>\t\t\t\t\t\t\t\t<\/div>\n\t\t\t\t<\/div>\n\t\t\t\t<div class=\"elementor-element elementor-element-9c115e5 elementor-widget elementor-widget-image\" data-id=\"9c115e5\" data-element_type=\"widget\" data-widget_type=\"image.default\">\n\t\t\t\t<div class=\"elementor-widget-container\">\n\t\t\t\t\t\t\t\t\t\t\t\t\t\t\t<img fetchpriority=\"high\" decoding=\"async\" width=\"1200\" height=\"627\" src=\"https:\/\/nattuar.com\/wp-content\/uploads\/2023\/04\/Page3-1-ES-.png\" class=\"attachment-full size-full wp-image-2196\" alt=\"\" srcset=\"https:\/\/nattuar.com\/wp-content\/uploads\/2023\/04\/Page3-1-ES-.png 1200w, https:\/\/nattuar.com\/wp-content\/uploads\/2023\/04\/Page3-1-ES--600x314.png 600w, https:\/\/nattuar.com\/wp-content\/uploads\/2023\/04\/Page3-1-ES--300x157.png 300w, https:\/\/nattuar.com\/wp-content\/uploads\/2023\/04\/Page3-1-ES--1024x535.png 1024w, https:\/\/nattuar.com\/wp-content\/uploads\/2023\/04\/Page3-1-ES--768x401.png 768w\" sizes=\"(max-width: 1200px) 100vw, 1200px\" \/>\t\t\t\t\t\t\t\t\t\t\t\t\t\t\t<\/div>\n\t\t\t\t<\/div>\n\t\t\t\t<div class=\"elementor-element elementor-element-da19c5b elementor-widget elementor-widget-text-editor\" data-id=\"da19c5b\" data-element_type=\"widget\" data-widget_type=\"text-editor.default\">\n\t\t\t\t<div class=\"elementor-widget-container\">\n\t\t\t\t\t\t\t\t\t<p><span style=\"font-weight: 400;\">Queremos que t\u00fa y tu consultora crezcan, que los destinos de tus clientes crezcan y que nuestra colaboraci\u00f3n se expanda continuamente. \u00a1Saber lo que te aporta valor es nuestro objetivo y por eso fomentamos la comunicaci\u00f3n abierta constante! No dudes en comunicarte con nosotros en cualquier momento durante este proceso.<\/span><\/p>\t\t\t\t\t\t\t\t<\/div>\n\t\t\t\t<\/div>\n\t\t\t\t<div class=\"elementor-element elementor-element-54f77bd elementor-widget elementor-widget-heading\" data-id=\"54f77bd\" data-element_type=\"widget\" data-widget_type=\"heading.default\">\n\t\t\t\t<div class=\"elementor-widget-container\">\n\t\t\t\t\t<h4 class=\"elementor-heading-title elementor-size-default\">\u00bfC\u00f3mo empezar\u00edamos a cerrar clientes conjuntamente?<\/h4>\t\t\t\t<\/div>\n\t\t\t\t<\/div>\n\t\t\t\t<div class=\"elementor-element elementor-element-d7081cf elementor-widget elementor-widget-text-editor\" data-id=\"d7081cf\" data-element_type=\"widget\" data-widget_type=\"text-editor.default\">\n\t\t\t\t<div class=\"elementor-widget-container\">\n\t\t\t\t\t\t\t\t\t<p><span style=\"font-weight: 400;\">La respuesta m\u00e1s simple: acudiremos a tus clientes o tu red en general. Todo contacto conocido del sector p\u00fablico en materia de Turismo es un posible target. Si es as\u00ed, \u00bfcrees que podr\u00edan beneficiarse de crear inteligencia tur\u00edstica y tecnolog\u00eda adaptada al turismo y mejorar la fidelidad con sus turistas?<\/span><span style=\"font-weight: 400;\"><br \/><\/span><span style=\"font-weight: 400;\">Bueno\u2026 \u00a1ah\u00ed lo tienes, tus primeros leads!<\/span><\/p>\t\t\t\t\t\t\t\t<\/div>\n\t\t\t\t<\/div>\n\t\t\t\t<div class=\"elementor-element elementor-element-3e3a03d elementor-widget elementor-widget-image\" data-id=\"3e3a03d\" data-element_type=\"widget\" data-widget_type=\"image.default\">\n\t\t\t\t<div class=\"elementor-widget-container\">\n\t\t\t\t\t\t\t\t\t\t\t\t\t\t\t<img decoding=\"async\" width=\"1200\" height=\"627\" src=\"https:\/\/nattuar.com\/wp-content\/uploads\/2023\/04\/Page3-3-ES.png\" class=\"attachment-full size-full wp-image-2166\" alt=\"\" srcset=\"https:\/\/nattuar.com\/wp-content\/uploads\/2023\/04\/Page3-3-ES.png 1200w, https:\/\/nattuar.com\/wp-content\/uploads\/2023\/04\/Page3-3-ES-600x314.png 600w, https:\/\/nattuar.com\/wp-content\/uploads\/2023\/04\/Page3-3-ES-300x157.png 300w, https:\/\/nattuar.com\/wp-content\/uploads\/2023\/04\/Page3-3-ES-1024x535.png 1024w, https:\/\/nattuar.com\/wp-content\/uploads\/2023\/04\/Page3-3-ES-768x401.png 768w\" sizes=\"(max-width: 1200px) 100vw, 1200px\" \/>\t\t\t\t\t\t\t\t\t\t\t\t\t\t\t<\/div>\n\t\t\t\t<\/div>\n\t\t\t\t<div class=\"elementor-element elementor-element-219ea15 elementor-widget elementor-widget-heading\" data-id=\"219ea15\" data-element_type=\"widget\" data-widget_type=\"heading.default\">\n\t\t\t\t<div class=\"elementor-widget-container\">\n\t\t\t\t\t<h4 class=\"elementor-heading-title elementor-size-default\">Servicios ofrecidos por socios<\/h4>\t\t\t\t<\/div>\n\t\t\t\t<\/div>\n\t\t\t\t<div class=\"elementor-element elementor-element-f2f1f1d elementor-widget elementor-widget-text-editor\" data-id=\"f2f1f1d\" data-element_type=\"widget\" data-widget_type=\"text-editor.default\">\n\t\t\t\t<div class=\"elementor-widget-container\">\n\t\t\t\t\t\t\t\t\t<p><span style=\"font-weight: 400;\">Los socios de NattuAR pueden ofrecer los servicios y suministros de nuestros dos productos estrella: el NattuAR Integral Tur\u00edstico y el NattuAR Connect Tur\u00edstico. Adem\u00e1s, siempre estamos abiertos a servicios adicionales que, en \u00faltima instancia, conducen a mayores ingresos y una experiencia m\u00e1s rica para ambas partes.<\/span><\/p><p><span style=\"font-weight: 400;\">Recomendamos comenzar ofreciendo nuestros dos productos estrella:<\/span><\/p><ul><li style=\"font-weight: 400;\" aria-level=\"1\"><span style=\"font-weight: 400;\">NattuAR Integral Tourist<\/span><\/li><li style=\"font-weight: 400;\" aria-level=\"1\"><span style=\"font-weight: 400;\">NattuAR Connect Tur\u00edstico<\/span><\/li><\/ul><p><span style=\"font-weight: 400;\">Cuando ofrezcas servicios adicionales a tus clientes alineados con nuestros productos, ser\u00e1s libre de determinar tus propios precios por la ayuda que brindes e incluso podremos adaptarlos al contrato final (como programas de formaci\u00f3n, proyectos culturales, comercio, etc).<\/span><\/p>\t\t\t\t\t\t\t\t<\/div>\n\t\t\t\t<\/div>\n\t\t\t\t<div class=\"elementor-element elementor-element-eb857ea elementor-widget elementor-widget-heading\" data-id=\"eb857ea\" data-element_type=\"widget\" data-widget_type=\"heading.default\">\n\t\t\t\t<div class=\"elementor-widget-container\">\n\t\t\t\t\t<h4 class=\"elementor-heading-title elementor-size-default\">Comisiones para Socios<\/h4>\t\t\t\t<\/div>\n\t\t\t\t<\/div>\n\t\t\t\t<div class=\"elementor-element elementor-element-d6cd42b elementor-widget elementor-widget-text-editor\" data-id=\"d6cd42b\" data-element_type=\"widget\" data-widget_type=\"text-editor.default\">\n\t\t\t\t<div class=\"elementor-widget-container\">\n\t\t\t\t\t\t\t\t\t<p><b>Obtendr\u00e1s una comisi\u00f3n:<\/b><\/p><p>Un<b> %<\/b><span style=\"font-weight: 400;\"> por cada venta de software (web\/app), contenidos escritos o audiovisuales, modelos AR, mantenimiento y formaci\u00f3n que realices.\u00a0<\/span><\/p><p>Y otro<b> %<\/b><span style=\"font-weight: 400;\"> por cada venta de hardware y componentes.\u00a0<\/span><\/p><p><span style=\"font-weight: 400;\">Cuantas m\u00e1s o m\u00e1s ventas realices, mayores ser\u00e1n tus ingresos. Pudiendo incrementarse a partir de la tercera venta en el primer tipo de producto.\u00a0<\/span><\/p><p><span style=\"font-weight: 400;\">\u00bfTe imaginas firmar un contrato de 1 mill\u00f3n de euros y comisionar miles de euros? \u00a1Esto es posible con NattuAR!<\/span><\/p>\t\t\t\t\t\t\t\t<\/div>\n\t\t\t\t<\/div>\n\t\t\t\t<div class=\"elementor-element elementor-element-74c7809 elementor-widget elementor-widget-image\" data-id=\"74c7809\" data-element_type=\"widget\" data-widget_type=\"image.default\">\n\t\t\t\t<div class=\"elementor-widget-container\">\n\t\t\t\t\t\t\t\t\t\t\t\t\t\t\t<img decoding=\"async\" width=\"1200\" height=\"625\" src=\"https:\/\/nattuar.com\/wp-content\/uploads\/2023\/04\/Page3-5.png\" class=\"attachment-full size-full wp-image-2205\" alt=\"\" srcset=\"https:\/\/nattuar.com\/wp-content\/uploads\/2023\/04\/Page3-5.png 1200w, https:\/\/nattuar.com\/wp-content\/uploads\/2023\/04\/Page3-5-600x313.png 600w, https:\/\/nattuar.com\/wp-content\/uploads\/2023\/04\/Page3-5-300x156.png 300w, https:\/\/nattuar.com\/wp-content\/uploads\/2023\/04\/Page3-5-1024x533.png 1024w, https:\/\/nattuar.com\/wp-content\/uploads\/2023\/04\/Page3-5-768x400.png 768w\" sizes=\"(max-width: 1200px) 100vw, 1200px\" \/>\t\t\t\t\t\t\t\t\t\t\t\t\t\t\t<\/div>\n\t\t\t\t<\/div>\n\t\t\t\t<div class=\"elementor-element elementor-element-d50bcda elementor-widget elementor-widget-text-editor\" data-id=\"d50bcda\" data-element_type=\"widget\" data-widget_type=\"text-editor.default\">\n\t\t\t\t<div class=\"elementor-widget-container\">\n\t\t\t\t\t\t\t\t\t<p><span style=\"font-weight: 400;\">As\u00ed que has encontrado tu primer cliente y est\u00e1s listo para comisionar. \u00bfC\u00f3mo lo har\u00e1s?<\/span><\/p>\t\t\t\t\t\t\t\t<\/div>\n\t\t\t\t<\/div>\n\t\t\t\t<div class=\"elementor-element elementor-element-e14bb2f elementor-widget elementor-widget-heading\" data-id=\"e14bb2f\" data-element_type=\"widget\" data-widget_type=\"heading.default\">\n\t\t\t\t<div class=\"elementor-widget-container\">\n\t\t\t\t\t<h4 class=\"elementor-heading-title elementor-size-default\">Proceso de pago<\/h4>\t\t\t\t<\/div>\n\t\t\t\t<\/div>\n\t\t\t\t<div class=\"elementor-element elementor-element-8d59707 elementor-widget elementor-widget-text-editor\" data-id=\"8d59707\" data-element_type=\"widget\" data-widget_type=\"text-editor.default\">\n\t\t\t\t<div class=\"elementor-widget-container\">\n\t\t\t\t\t\t\t\t\t<p><span style=\"font-weight: 400;\">Este es el proceso de pago: una vez que tu cliente formalice el contrato con NattuAR, nosotros formalizaremos contigo otro contrato como comisionista.<\/span><\/p><p><span style=\"font-weight: 400;\">Luego, una vez que cobremos la totalidad del importe del contrato, crear\u00e1s una orden por email <\/span><a href=\"mailto:com@nattuar.com\"><span style=\"font-weight: 400;\">com@nattuar.com<\/span><\/a><span style=\"font-weight: 400;\"> y te pediremos que factures tu comisi\u00f3n para proceder al <b>pago con tu porcentaje de comisi\u00f3n<\/b>. As\u00ed es como obtendr\u00e1s autom\u00e1ticamente tu comisi\u00f3n.<\/span><\/p>\t\t\t\t\t\t\t\t<\/div>\n\t\t\t\t<\/div>\n\t\t\t\t<div class=\"elementor-element elementor-element-ad93610 elementor-widget elementor-widget-text-editor\" data-id=\"ad93610\" data-element_type=\"widget\" data-widget_type=\"text-editor.default\">\n\t\t\t\t<div class=\"elementor-widget-container\">\n\t\t\t\t\t\t\t\t\t<p><span style=\"font-weight: 400;\">Con cuantos m\u00e1s clientes trabajes simult\u00e1neamente, mayores ser\u00e1n tus ingresos.<\/span><\/p>\t\t\t\t\t\t\t\t<\/div>\n\t\t\t\t<\/div>\n\t\t\t\t<div class=\"elementor-element elementor-element-9b7e699 elementor-widget elementor-widget-heading\" data-id=\"9b7e699\" data-element_type=\"widget\" data-widget_type=\"heading.default\">\n\t\t\t\t<div class=\"elementor-widget-container\">\n\t\t\t\t\t<h4 class=\"elementor-heading-title elementor-size-default\">Reglas del proceso<\/h4>\t\t\t\t<\/div>\n\t\t\t\t<\/div>\n\t\t\t\t<div class=\"elementor-element elementor-element-d325e61 elementor-widget elementor-widget-text-editor\" data-id=\"d325e61\" data-element_type=\"widget\" data-widget_type=\"text-editor.default\">\n\t\t\t\t<div class=\"elementor-widget-container\">\n\t\t\t\t\t\t\t\t\t<p><span style=\"font-weight: 400;\">Aqu\u00ed hay algunas reglas del proceso que son<\/span><b> importantes:<\/b><\/p><p><span style=\"background-color: transparent; font-family: var( --e-global-typography-text-font-family ), Sans-serif;\">Como socio, no debes presentarte como si t\u00fa mismo fueras NattuAR. <\/span><span style=\"background-color: transparent; font-family: var( --e-global-typography-text-font-family ), Sans-serif;\">Debe quedar claro que eres una persona individual o una empresa separada de NattuAR<\/span><span style=\"background-color: transparent; font-family: var( --e-global-typography-text-font-family ), Sans-serif;\"> y tambi\u00e9n que eres un socio oficial.<\/span><\/p>\n<p><span style=\"font-weight: 400;\">Depende de ti reunirte con tus clientes previamente<\/span><span style=\"font-weight: 400;\">, y luego pasar a la acci\u00f3n con el equipo de ventas de NattuAR para entrar de lleno en la parte t\u00e9cnica.<\/span><\/p>\t\t\t\t\t\t\t\t<\/div>\n\t\t\t\t<\/div>\n\t\t\t\t<div class=\"elementor-element elementor-element-284ace2 elementor-widget elementor-widget-heading\" data-id=\"284ace2\" data-element_type=\"widget\" data-widget_type=\"heading.default\">\n\t\t\t\t<div class=\"elementor-widget-container\">\n\t\t\t\t\t<h4 class=\"elementor-heading-title elementor-size-default\">M\u00e1s beneficios y oportunidades de promoci\u00f3n<\/h4>\t\t\t\t<\/div>\n\t\t\t\t<\/div>\n\t\t\t\t<div class=\"elementor-element elementor-element-8ea9d41 elementor-widget elementor-widget-text-editor\" data-id=\"8ea9d41\" data-element_type=\"widget\" data-widget_type=\"text-editor.default\">\n\t\t\t\t<div class=\"elementor-widget-container\">\n\t\t\t\t\t\t\t\t\t<p><span style=\"font-weight: 400;\">Despu\u00e9s de tus primeras 3 ventas, podr\u00e1s comenzar a recibir clientes potenciales de NattuAR: clientes de NattuAR actuales y potenciales que han solicitado ayuda y tienen una necesidad espec\u00edfica en el mundo de la consultor\u00eda. Tal cliente potencial puede ser aceptado por hasta 5 socios y ellos acceder a dar una propuesta. En \u00faltima instancia, el cliente elige con cu\u00e1l de ellos quiere trabajar. \u00a1Una fuente de prospectos adicional!<\/span><\/p>\t\t\t\t\t\t\t\t<\/div>\n\t\t\t\t<\/div>\n\t\t\t\t\t<\/div>\n\t\t<\/div>\n\t\t\t\t\t<\/div>\n\t\t<\/section>\n\t\t\t\t<\/div>","protected":false},"excerpt":{"rendered":"<p>NATTUAR SOCIOS PASOS PARA SER SOCIO-CONSULTOR \u00bfC\u00d3MO GANAR? TU NUEVA FUENTE DE INGRESOS Aqu\u00ed es donde ocurre la magia y nace tu nueva fuente de ingresos\u2026 Queremos ayudarte en todo lo que podamos para que esto sea una realidad, por lo que en esta p\u00e1gina encontrar\u00e1s la informaci\u00f3n m\u00e1s relevante sobre nuestro camino juntos. No [&hellip;]<\/p>","protected":false},"author":2,"featured_media":0,"parent":0,"menu_order":0,"comment_status":"closed","ping_status":"closed","template":"elementor_header_footer","meta":{"footnotes":""},"class_list":["post-2101","page","type-page","status-publish","hentry"],"_links":{"self":[{"href":"https:\/\/nattuar.com\/fr\/wp-json\/wp\/v2\/pages\/2101","targetHints":{"allow":["GET"]}}],"collection":[{"href":"https:\/\/nattuar.com\/fr\/wp-json\/wp\/v2\/pages"}],"about":[{"href":"https:\/\/nattuar.com\/fr\/wp-json\/wp\/v2\/types\/page"}],"author":[{"embeddable":true,"href":"https:\/\/nattuar.com\/fr\/wp-json\/wp\/v2\/users\/2"}],"replies":[{"embeddable":true,"href":"https:\/\/nattuar.com\/fr\/wp-json\/wp\/v2\/comments?post=2101"}],"version-history":[{"count":47,"href":"https:\/\/nattuar.com\/fr\/wp-json\/wp\/v2\/pages\/2101\/revisions"}],"predecessor-version":[{"id":2648,"href":"https:\/\/nattuar.com\/fr\/wp-json\/wp\/v2\/pages\/2101\/revisions\/2648"}],"wp:attachment":[{"href":"https:\/\/nattuar.com\/fr\/wp-json\/wp\/v2\/media?parent=2101"}],"curies":[{"name":"wp","href":"https:\/\/api.w.org\/{rel}","templated":true}]}}