{"id":2086,"date":"2023-04-20T22:15:20","date_gmt":"2023-04-20T22:15:20","guid":{"rendered":"https:\/\/nattuar.com\/?page_id=2086"},"modified":"2023-05-05T22:49:50","modified_gmt":"2023-05-05T22:49:50","slug":"portal-de-socios-nattuar","status":"publish","type":"page","link":"https:\/\/nattuar.com\/pt\/portal-de-socios-nattuar\/","title":{"rendered":"Pasos para ser Socio NattuAR"},"content":{"rendered":"<div data-elementor-type=\"wp-page\" data-elementor-id=\"2086\" class=\"elementor elementor-2086\" data-elementor-post-type=\"page\">\n\t\t\t\t\t\t<section class=\"elementor-section elementor-top-section elementor-element elementor-element-451d804 elementor-section-height-min-height elementor-section-stretched elementor-section-boxed elementor-section-height-default elementor-section-items-middle\" data-id=\"451d804\" data-element_type=\"section\" data-settings=\"{&quot;stretch_section&quot;:&quot;section-stretched&quot;,&quot;background_background&quot;:&quot;classic&quot;}\">\n\t\t\t\t\t\t\t<div class=\"elementor-background-overlay\"><\/div>\n\t\t\t\t\t\t\t<div class=\"elementor-container elementor-column-gap-default\">\n\t\t\t\t\t<div class=\"elementor-column elementor-col-100 elementor-top-column elementor-element elementor-element-1afcd5d elementor-invisible\" data-id=\"1afcd5d\" data-element_type=\"column\" data-settings=\"{&quot;animation&quot;:&quot;fadeInLeft&quot;}\">\n\t\t\t<div class=\"elementor-widget-wrap elementor-element-populated\">\n\t\t\t\t\t\t<div class=\"elementor-element elementor-element-7c005c4 elementor-widget elementor-widget-heading\" data-id=\"7c005c4\" data-element_type=\"widget\" data-widget_type=\"heading.default\">\n\t\t\t\t<div class=\"elementor-widget-container\">\n\t\t\t\t\t<h3 class=\"elementor-heading-title elementor-size-default\">NATTUAR SOCIOS<\/h3>\t\t\t\t<\/div>\n\t\t\t\t<\/div>\n\t\t\t\t<div class=\"elementor-element elementor-element-74519e2 elementor-widget elementor-widget-heading\" data-id=\"74519e2\" data-element_type=\"widget\" data-widget_type=\"heading.default\">\n\t\t\t\t<div class=\"elementor-widget-container\">\n\t\t\t\t\t<h1 class=\"elementor-heading-title elementor-size-default\">PASOS PARA SER <b class=\"verde\">S\u00d3CIO-CONSULTOR<\/b><\/h1>\t\t\t\t<\/div>\n\t\t\t\t<\/div>\n\t\t\t\t<div class=\"elementor-element elementor-element-54ea62b elementor-widget-divider--view-line elementor-widget elementor-widget-divider\" data-id=\"54ea62b\" data-element_type=\"widget\" data-widget_type=\"divider.default\">\n\t\t\t\t<div class=\"elementor-widget-container\">\n\t\t\t\t\t\t\t<div class=\"elementor-divider\">\n\t\t\t<span class=\"elementor-divider-separator\">\n\t\t\t\t\t\t<\/span>\n\t\t<\/div>\n\t\t\t\t\t\t<\/div>\n\t\t\t\t<\/div>\n\t\t\t\t\t<\/div>\n\t\t<\/div>\n\t\t\t\t\t<\/div>\n\t\t<\/section>\n\t\t\t\t<section class=\"elementor-section elementor-top-section elementor-element elementor-element-dbf9b0d elementor-section-boxed elementor-section-height-default elementor-section-height-default\" data-id=\"dbf9b0d\" data-element_type=\"section\" data-settings=\"{&quot;background_background&quot;:&quot;classic&quot;}\">\n\t\t\t\t\t\t\t<div class=\"elementor-background-overlay\"><\/div>\n\t\t\t\t\t\t\t<div class=\"elementor-container elementor-column-gap-default\">\n\t\t\t\t\t<div class=\"elementor-column elementor-col-50 elementor-top-column elementor-element elementor-element-55a720d\" data-id=\"55a720d\" data-element_type=\"column\">\n\t\t\t<div class=\"elementor-widget-wrap elementor-element-populated\">\n\t\t\t\t\t\t<section class=\"elementor-section elementor-inner-section elementor-element elementor-element-dbf966a elementor-section-boxed elementor-section-height-default elementor-section-height-default\" data-id=\"dbf966a\" data-element_type=\"section\">\n\t\t\t\t\t\t<div class=\"elementor-container elementor-column-gap-default\">\n\t\t\t\t\t<div class=\"elementor-column elementor-col-100 elementor-inner-column elementor-element elementor-element-f3d4cbb\" data-id=\"f3d4cbb\" data-element_type=\"column\">\n\t\t\t<div class=\"elementor-widget-wrap elementor-element-populated\">\n\t\t\t\t\t\t<div class=\"elementor-element elementor-element-d9299de elementor-widget elementor-widget-spacer\" data-id=\"d9299de\" data-element_type=\"widget\" data-widget_type=\"spacer.default\">\n\t\t\t\t<div class=\"elementor-widget-container\">\n\t\t\t\t\t\t\t<div class=\"elementor-spacer\">\n\t\t\t<div class=\"elementor-spacer-inner\"><\/div>\n\t\t<\/div>\n\t\t\t\t\t\t<\/div>\n\t\t\t\t<\/div>\n\t\t\t\t<div class=\"elementor-element elementor-element-d4b0fbf elementor-widget elementor-widget-template\" data-id=\"d4b0fbf\" data-element_type=\"widget\" data-widget_type=\"template.default\">\n\t\t\t\t<div class=\"elementor-widget-container\">\n\t\t\t\t\t\t\t<div class=\"elementor-template\">\n\t\t\t\t\t<div data-elementor-type=\"section\" data-elementor-id=\"2080\" class=\"elementor elementor-2080\" data-elementor-post-type=\"elementor_library\">\n\t\t\t\t\t<section class=\"elementor-section elementor-top-section elementor-element elementor-element-147e563 elementor-section-boxed elementor-section-height-default elementor-section-height-default\" data-id=\"147e563\" data-element_type=\"section\">\n\t\t\t\t\t\t<div class=\"elementor-container elementor-column-gap-default\">\n\t\t\t\t\t<div class=\"elementor-column elementor-col-100 elementor-top-column elementor-element elementor-element-97f0aa4\" data-id=\"97f0aa4\" data-element_type=\"column\">\n\t\t\t<div class=\"elementor-widget-wrap elementor-element-populated\">\n\t\t\t\t\t\t<div class=\"elementor-element elementor-element-2f7751a elementor-widget-divider--view-line elementor-widget elementor-widget-divider\" data-id=\"2f7751a\" data-element_type=\"widget\" data-widget_type=\"divider.default\">\n\t\t\t\t<div class=\"elementor-widget-container\">\n\t\t\t\t\t\t\t<div class=\"elementor-divider\">\n\t\t\t<span class=\"elementor-divider-separator\">\n\t\t\t\t\t\t<\/span>\n\t\t<\/div>\n\t\t\t\t\t\t<\/div>\n\t\t\t\t<\/div>\n\t\t\t\t\t<\/div>\n\t\t<\/div>\n\t\t\t\t\t<\/div>\n\t\t<\/section>\n\t\t\t\t<\/div>\n\t\t\t\t<\/div>\n\t\t\t\t\t\t<\/div>\n\t\t\t\t<\/div>\n\t\t\t\t\t<\/div>\n\t\t<\/div>\n\t\t\t\t\t<\/div>\n\t\t<\/section>\n\t\t\t\t\t<\/div>\n\t\t<\/div>\n\t\t\t\t<div class=\"elementor-column elementor-col-50 elementor-top-column elementor-element elementor-element-35df133\" data-id=\"35df133\" data-element_type=\"column\" data-settings=\"{&quot;background_background&quot;:&quot;classic&quot;}\">\n\t\t\t<div class=\"elementor-widget-wrap elementor-element-populated\">\n\t\t\t\t\t\t<div class=\"elementor-element elementor-element-8ff9488 elementor-widget elementor-widget-heading\" data-id=\"8ff9488\" data-element_type=\"widget\" data-widget_type=\"heading.default\">\n\t\t\t\t<div class=\"elementor-widget-container\">\n\t\t\t\t\t<h2 class=\"elementor-heading-title elementor-size-default\">EMPECEMOS POR EL PRINCIPIO, \u00bfQU\u00c9 ES NATTUAR?<\/h2>\t\t\t\t<\/div>\n\t\t\t\t<\/div>\n\t\t\t\t<div class=\"elementor-element elementor-element-40b0a71 elementor-widget elementor-widget-text-editor\" data-id=\"40b0a71\" data-element_type=\"widget\" data-widget_type=\"text-editor.default\">\n\t\t\t\t<div class=\"elementor-widget-container\">\n\t\t\t\t\t\t\t\t\t<p><span style=\"font-weight: 400;\">\u00a1Bienvenido al siguiente paso donde te expondremos lo que somos y hacemos y, sobre todo, de qu\u00e9 se trata la futura asociaci\u00f3n!<\/span><\/p>\n<p><span style=\"font-weight: 400;\">Pues bien, NattuAR crea tecnolog\u00eda especializada en el sector tur\u00edstico, y nos hemos concentrado en los dos productos objeto de deseo de las AAPP y que los tenemos claramente definidos:<\/span><\/p>\n<ul>\n<li style=\"font-weight: 400;\" aria-level=\"1\"><span style=\"font-weight: 400;\">NattuAR Turista Integral<\/span><\/li>\n<li style=\"font-weight: 400;\" aria-level=\"1\"><span style=\"font-weight: 400;\">NattuAR Connect Tur\u00edstico<\/span><\/li>\n<\/ul>\n<p><span style=\"font-weight: 400;\">Ambos est\u00e1n dirigidos a la Administraci\u00f3n P\u00fablica competente en materia de turismo.<\/span><\/p>\n<p><span style=\"font-weight: 400;\">Esto permite a las consultoras tener con nuestra ayuda una perspectiva de 360\u00b0 y la mejor oferta para ofrecer a la Administraci\u00f3n P\u00fablica sobre inteligencia tur\u00edstica.<\/span><\/p>\n<p><span style=\"font-weight: 400;\">NattuAR brinda a los consultores especialistas en fondos p\u00fablicos la capacidad de <\/span><b>automatizar<\/b><span style=\"font-weight: 400;\"> la solicitud de subvenciones para sus clientes y posteriormente tramitar los contratos p\u00fablicos en relaci\u00f3n a las memorias presentadas para tramitar la subvenci\u00f3n, donde llegaremos con una clara ventaja competitiva para licitar, al tratarse de nuestro producto. El agente adherido del NattuAR Integral Tur\u00edstico\/NattuAR Connect puede llevar a tus clientes desde el contacto inicial hasta el cierre del contrato.<\/span><\/p>\n<p><span style=\"font-weight: 400;\">Brillamos entre las <\/span><b>Administraciones P\u00fablicas, ya sea Ministerio, Consejer\u00eda, Diputaci\u00f3n, Mancomunidad o Ayuntamiento<\/b><span style=\"font-weight: 400;\">, ya que nuestros productos se adaptan a todos ellos, independientemente del tama\u00f1o del destino tur\u00edstico.<\/span><\/p>\t\t\t\t\t\t\t\t<\/div>\n\t\t\t\t<\/div>\n\t\t\t\t<div class=\"elementor-element elementor-element-b79c2fd elementor-widget elementor-widget-heading\" data-id=\"b79c2fd\" data-element_type=\"widget\" data-widget_type=\"heading.default\">\n\t\t\t\t<div class=\"elementor-widget-container\">\n\t\t\t\t\t<h4 class=\"elementor-heading-title elementor-size-default\">\u00bfPor qu\u00e9 nos eligen las AAPP?<\/h4>\t\t\t\t<\/div>\n\t\t\t\t<\/div>\n\t\t\t\t<div class=\"elementor-element elementor-element-bb1b608 elementor-widget elementor-widget-image\" data-id=\"bb1b608\" data-element_type=\"widget\" data-widget_type=\"image.default\">\n\t\t\t\t<div class=\"elementor-widget-container\">\n\t\t\t\t\t\t\t\t\t\t\t\t\t\t\t<img fetchpriority=\"high\" decoding=\"async\" width=\"1302\" height=\"733\" src=\"https:\/\/nattuar.com\/wp-content\/uploads\/2023\/04\/ilustracion.png\" class=\"attachment-full size-full wp-image-2091\" alt=\"\" srcset=\"https:\/\/nattuar.com\/wp-content\/uploads\/2023\/04\/ilustracion.png 1302w, https:\/\/nattuar.com\/wp-content\/uploads\/2023\/04\/ilustracion-600x338.png 600w, https:\/\/nattuar.com\/wp-content\/uploads\/2023\/04\/ilustracion-300x169.png 300w, https:\/\/nattuar.com\/wp-content\/uploads\/2023\/04\/ilustracion-1024x576.png 1024w, https:\/\/nattuar.com\/wp-content\/uploads\/2023\/04\/ilustracion-768x432.png 768w\" sizes=\"(max-width: 1302px) 100vw, 1302px\" \/>\t\t\t\t\t\t\t\t\t\t\t\t\t\t\t<\/div>\n\t\t\t\t<\/div>\n\t\t\t\t<div class=\"elementor-element elementor-element-b74d1b9 elementor-widget elementor-widget-text-editor\" data-id=\"b74d1b9\" data-element_type=\"widget\" data-widget_type=\"text-editor.default\">\n\t\t\t\t<div class=\"elementor-widget-container\">\n\t\t\t\t\t\t\t\t\t<p><span style=\"font-weight: 400;\">Como socios, estar\u00edamos en una situaci\u00f3n \u00fanica en la que todos saldremos ganando. Las Administraciones P\u00fablicas nos aman por todo lo que podemos hacer por sus destinos tur\u00edsticos, ya que no son necesariamente expertos en inteligencia tur\u00edstica y en muchas ocasiones necesitan servicios adicionales y un enfoque personalizado. Ah\u00ed es donde <\/span><b>los socios se vuelven tan incre\u00edblemente valiosos con nuestro apoyo.<\/b><\/p><p><span style=\"font-weight: 400;\">Consulta la p\u00e1gina <a href=\"\/pt\/portal-de-socios-como-ganar\/\">\u00abC\u00f3mo ganar\u00bb<\/a> para aprender todo lo que necesitas saber sobre el programa de socios y las formas en que ganar\u00e1s y te desarrollar\u00e1s como socio de NattuAR.<\/span><\/p><p><span style=\"font-weight: 400;\">Ay\u00fadanos a alcanzar nuestra meta: 100% casos de \u00e9xito.<\/span><\/p>\t\t\t\t\t\t\t\t<\/div>\n\t\t\t\t<\/div>\n\t\t\t\t\t<\/div>\n\t\t<\/div>\n\t\t\t\t\t<\/div>\n\t\t<\/section>\n\t\t\t\t<\/div>","protected":false},"excerpt":{"rendered":"<p>NATTUAR SOCIOS PASOS PARA SER SOCIO-CONSULTOR EMPECEMOS POR EL PRINCIPIO, \u00bfQU\u00c9 ES NATTUAR? \u00a1Bienvenido al siguiente paso donde te expondremos lo que somos y hacemos y, sobre todo, de qu\u00e9 se trata la futura asociaci\u00f3n! Pues bien, NattuAR crea tecnolog\u00eda especializada en el sector tur\u00edstico, y nos hemos concentrado en los dos productos objeto de [&hellip;]<\/p>","protected":false},"author":2,"featured_media":0,"parent":0,"menu_order":0,"comment_status":"closed","ping_status":"closed","template":"elementor_header_footer","meta":{"footnotes":""},"class_list":["post-2086","page","type-page","status-publish","hentry"],"_links":{"self":[{"href":"https:\/\/nattuar.com\/pt\/wp-json\/wp\/v2\/pages\/2086","targetHints":{"allow":["GET"]}}],"collection":[{"href":"https:\/\/nattuar.com\/pt\/wp-json\/wp\/v2\/pages"}],"about":[{"href":"https:\/\/nattuar.com\/pt\/wp-json\/wp\/v2\/types\/page"}],"author":[{"embeddable":true,"href":"https:\/\/nattuar.com\/pt\/wp-json\/wp\/v2\/users\/2"}],"replies":[{"embeddable":true,"href":"https:\/\/nattuar.com\/pt\/wp-json\/wp\/v2\/comments?post=2086"}],"version-history":[{"count":36,"href":"https:\/\/nattuar.com\/pt\/wp-json\/wp\/v2\/pages\/2086\/revisions"}],"predecessor-version":[{"id":2620,"href":"https:\/\/nattuar.com\/pt\/wp-json\/wp\/v2\/pages\/2086\/revisions\/2620"}],"wp:attachment":[{"href":"https:\/\/nattuar.com\/pt\/wp-json\/wp\/v2\/media?parent=2086"}],"curies":[{"name":"wp","href":"https:\/\/api.w.org\/{rel}","templated":true}]}}