{"id":5076,"date":"2025-08-28T14:38:55","date_gmt":"2025-08-28T14:38:55","guid":{"rendered":"https:\/\/nattuar.com\/?page_id=5076"},"modified":"2025-08-28T14:47:57","modified_gmt":"2025-08-28T14:47:57","slug":"condiciones-de-uso","status":"publish","type":"page","link":"https:\/\/nattuar.com\/pt\/condiciones-de-uso\/","title":{"rendered":"Condiciones de uso"},"content":{"rendered":"<div data-elementor-type=\"wp-page\" data-elementor-id=\"5076\" class=\"elementor elementor-5076\" data-elementor-post-type=\"page\">\n\t\t\t\t\t\t<section class=\"elementor-section elementor-top-section elementor-element elementor-element-32739e1 elementor-section-boxed elementor-section-height-default elementor-section-height-default\" data-id=\"32739e1\" data-element_type=\"section\">\n\t\t\t\t\t\t<div class=\"elementor-container elementor-column-gap-default\">\n\t\t\t\t\t<div class=\"elementor-column elementor-col-100 elementor-top-column elementor-element elementor-element-8ac4050\" data-id=\"8ac4050\" data-element_type=\"column\">\n\t\t\t<div class=\"elementor-widget-wrap elementor-element-populated\">\n\t\t\t\t\t\t<div class=\"elementor-element elementor-element-0dd5fd6 elementor-widget elementor-widget-spacer\" data-id=\"0dd5fd6\" data-element_type=\"widget\" data-widget_type=\"spacer.default\">\n\t\t\t\t<div class=\"elementor-widget-container\">\n\t\t\t\t\t\t\t<div class=\"elementor-spacer\">\n\t\t\t<div class=\"elementor-spacer-inner\"><\/div>\n\t\t<\/div>\n\t\t\t\t\t\t<\/div>\n\t\t\t\t<\/div>\n\t\t\t\t<div class=\"elementor-element elementor-element-59c5f5b elementor-widget elementor-widget-heading\" data-id=\"59c5f5b\" data-element_type=\"widget\" data-widget_type=\"heading.default\">\n\t\t\t\t<div class=\"elementor-widget-container\">\n\t\t\t\t\t<h1 class=\"elementor-heading-title elementor-size-default\">Condiciones de uso<\/h1>\t\t\t\t<\/div>\n\t\t\t\t<\/div>\n\t\t\t\t<div class=\"elementor-element elementor-element-01948d2 elementor-widget elementor-widget-text-editor\" data-id=\"01948d2\" data-element_type=\"widget\" data-widget_type=\"text-editor.default\">\n\t\t\t\t<div class=\"elementor-widget-container\">\n\t\t\t\t\t\t\t\t\t<h2 data-start=\"216\" data-end=\"249\"><strong data-start=\"219\" data-end=\"247\">1. Propiedad intelectual<\/strong><\/h2><p data-start=\"250\" data-end=\"516\">Todos los textos de esta web est\u00e1n sujetos a <strong data-start=\"295\" data-end=\"340\">derechos de autor y propiedad intelectual<\/strong>, de los cuales <strong data-start=\"356\" data-end=\"367\">Nattuar<\/strong> es titular.<br data-start=\"379\" data-end=\"382\" \/>En ning\u00fan caso se transmitir\u00e1n o ceder\u00e1n dichos derechos sin el consentimiento previo, expl\u00edcito y por escrito por parte de Nattuar.<\/p><p data-start=\"518\" data-end=\"837\">No est\u00e1 permitido <strong data-start=\"536\" data-end=\"625\">reproducir, reinterpretar, difundir, vender, distribuir ni usar con fines comerciales<\/strong> los contenidos de esta web.<br data-start=\"653\" data-end=\"656\" \/>Las <strong data-start=\"660\" data-end=\"704\">im\u00e1genes, iconos, infograf\u00edas y logotipo<\/strong> que aparecen en esta web tienen derechos de autor y propiedad intelectual a favor de Nattuar o de terceros, debidamente se\u00f1alados.<\/p><hr data-start=\"839\" data-end=\"842\" \/><h2 data-start=\"844\" data-end=\"869\"><strong data-start=\"847\" data-end=\"867\">2. Normas de uso<\/strong><\/h2><p data-start=\"870\" data-end=\"1046\">La tem\u00e1tica principal de esta web es la <strong data-start=\"910\" data-end=\"966\">comercializaci\u00f3n de productos y servicios de Nattuar<\/strong>, ofreciendo informaci\u00f3n de contacto, comercial y de solicitud de presupuesto.<\/p><p data-start=\"1048\" data-end=\"1182\">Los usuarios deber\u00e1n respetar la tem\u00e1tica y din\u00e1mica de la web, haciendo un uso adecuado de los servicios y contenidos, en especial:<\/p><ul data-start=\"1184\" data-end=\"1430\"><li data-start=\"1184\" data-end=\"1290\"><p data-start=\"1186\" data-end=\"1290\">No emplearlos para realizar actividades il\u00edcitas, ilegales o contrarias a la buena fe y orden p\u00fablico.<\/p><\/li><li data-start=\"1291\" data-end=\"1430\"><p data-start=\"1293\" data-end=\"1430\">No difundir contenido o propaganda racista, xen\u00f3foba, pornogr\u00e1fica, de apolog\u00eda al terrorismo o que atente contra los derechos humanos.<\/p><\/li><\/ul><p data-start=\"1432\" data-end=\"1675\">Nattuar se reserva el derecho de <strong data-start=\"1465\" data-end=\"1511\">eliminar cualquier comentario o aportaci\u00f3n<\/strong> que atente contra las normas de uso de esta web.<br data-start=\"1560\" data-end=\"1563\" \/>No se permiten comentarios <strong data-start=\"1590\" data-end=\"1630\">an\u00f3nimos, promocionales, insultantes<\/strong> o que vayan contra el buen tono de la web.<\/p><p data-start=\"1677\" data-end=\"1768\">En ning\u00fan caso <strong data-start=\"1692\" data-end=\"1737\">Nattuar ser\u00e1 responsable de las opiniones<\/strong> que los usuarios puedan dar.<\/p><hr data-start=\"1770\" data-end=\"1773\" \/><h2 data-start=\"1775\" data-end=\"1816\"><strong data-start=\"1778\" data-end=\"1814\">3. Protecci\u00f3n de datos y cookies<\/strong><\/h2><p data-start=\"1817\" data-end=\"2042\">En esta web se cumple con la normativa vigente en materia de <strong data-start=\"1878\" data-end=\"1918\">protecci\u00f3n de datos y uso de cookies<\/strong>.<br data-start=\"1919\" data-end=\"1922\" \/>Para m\u00e1s informaci\u00f3n, puedes consultar nuestra <strong data-start=\"1969\" data-end=\"2000\"><a class=\"decorated-link\" href=\"https:\/\/nattuar.com\/pt\/politica-de-privacidad-y-aviso-legal\/\" rel=\"noopener\" data-start=\"1971\" data-end=\"1998\">Pol\u00edtica de Privacidad<\/a><\/strong> y nuestra <strong data-start=\"2011\" data-end=\"2039\"><a class=\"decorated-link\" href=\"https:\/\/nattuar.com\/pt\/politica-de-privacidad-y-aviso-legal\/\" rel=\"noopener\" data-start=\"2013\" data-end=\"2037\">Pol\u00edtica de Cookies<\/a><\/strong>.<\/p><hr data-start=\"2044\" data-end=\"2047\" \/><h2 data-start=\"2049\" data-end=\"2089\"><strong data-start=\"2052\" data-end=\"2087\">4. Exclusi\u00f3n de responsabilidad<\/strong><\/h2><p data-start=\"2090\" data-end=\"2413\">Nattuar no ser\u00e1 responsable en ning\u00fan caso de los <strong data-start=\"2140\" data-end=\"2162\">perjuicios o da\u00f1os<\/strong> de cualquier tipo que pudieran ocasionarse por la visita a esta web, ya sea por <strong data-start=\"2243\" data-end=\"2266\">errores u omisiones<\/strong> en los contenidos o por la transmisi\u00f3n de <strong data-start=\"2309\" data-end=\"2333\">programas maliciosos<\/strong>, a pesar de haber adoptado las medidas tecnol\u00f3gicas necesarias para evitarlo.<\/p><p data-start=\"2415\" data-end=\"2673\">En el caso de <strong data-start=\"2429\" data-end=\"2468\">enlaces a webs externas de terceros<\/strong> que puedan aparecer en los contenidos, se incluir\u00e1n \u00fanicamente a modo de referencia o ejemplo.<br data-start=\"2563\" data-end=\"2566\" \/>Nattuar no ejerce ning\u00fan control sobre dichas webs, por lo que no asume responsabilidad respecto a ellas.<\/p><hr data-start=\"2675\" data-end=\"2678\" \/><h2 data-start=\"2680\" data-end=\"2728\"><strong data-start=\"2683\" data-end=\"2726\">5. Legislaci\u00f3n aplicable y jurisdicci\u00f3n<\/strong><\/h2><p data-start=\"2729\" data-end=\"2860\">Estas condiciones legales se han redactado en virtud de la <strong data-start=\"2788\" data-end=\"2812\">legislaci\u00f3n espa\u00f1ola<\/strong> y de acuerdo con las <strong data-start=\"2834\" data-end=\"2857\">Directivas europeas<\/strong>.<\/p><p data-start=\"2862\" data-end=\"3011\">En caso de conflicto en la interpretaci\u00f3n de las presentes condiciones, la jurisdicci\u00f3n competente ser\u00e1 la de los <strong data-start=\"2976\" data-end=\"3008\">Juzgados de Sevilla (Espa\u00f1a)<\/strong>.<\/p><hr data-start=\"3013\" data-end=\"3016\" \/><h2 data-start=\"3018\" data-end=\"3072\"><strong data-start=\"3021\" data-end=\"3070\">6. Modificaci\u00f3n del contenido del aviso legal<\/strong><\/h2><p data-start=\"3073\" data-end=\"3242\">Nattuar se reserva el derecho a <strong data-start=\"3105\" data-end=\"3157\">modificar estas condiciones en cualquier momento<\/strong>, en funci\u00f3n de la evoluci\u00f3n de la web y de los contenidos que en ella se ofrezcan.<\/p><p data-start=\"3244\" data-end=\"3325\">En caso de modificaci\u00f3n, se informar\u00e1 a los usuarios de los cambios realizados.<\/p>\t\t\t\t\t\t\t\t<\/div>\n\t\t\t\t<\/div>\n\t\t\t\t\t<\/div>\n\t\t<\/div>\n\t\t\t\t\t<\/div>\n\t\t<\/section>\n\t\t\t\t<\/div>","protected":false},"excerpt":{"rendered":"<p>Condiciones de uso 1. Propiedad intelectual Todos los textos de esta web est\u00e1n sujetos a derechos de autor y propiedad intelectual, de los cuales Nattuar es titular.En ning\u00fan caso se transmitir\u00e1n o ceder\u00e1n dichos derechos sin el consentimiento previo, expl\u00edcito y por escrito por parte de Nattuar. No est\u00e1 permitido reproducir, reinterpretar, difundir, vender, distribuir [&hellip;]<\/p>","protected":false},"author":2,"featured_media":0,"parent":0,"menu_order":0,"comment_status":"closed","ping_status":"closed","template":"elementor_header_footer","meta":{"footnotes":""},"class_list":["post-5076","page","type-page","status-publish","hentry"],"_links":{"self":[{"href":"https:\/\/nattuar.com\/pt\/wp-json\/wp\/v2\/pages\/5076","targetHints":{"allow":["GET"]}}],"collection":[{"href":"https:\/\/nattuar.com\/pt\/wp-json\/wp\/v2\/pages"}],"about":[{"href":"https:\/\/nattuar.com\/pt\/wp-json\/wp\/v2\/types\/page"}],"author":[{"embeddable":true,"href":"https:\/\/nattuar.com\/pt\/wp-json\/wp\/v2\/users\/2"}],"replies":[{"embeddable":true,"href":"https:\/\/nattuar.com\/pt\/wp-json\/wp\/v2\/comments?post=5076"}],"version-history":[{"count":7,"href":"https:\/\/nattuar.com\/pt\/wp-json\/wp\/v2\/pages\/5076\/revisions"}],"predecessor-version":[{"id":5093,"href":"https:\/\/nattuar.com\/pt\/wp-json\/wp\/v2\/pages\/5076\/revisions\/5093"}],"wp:attachment":[{"href":"https:\/\/nattuar.com\/pt\/wp-json\/wp\/v2\/media?parent=5076"}],"curies":[{"name":"wp","href":"https:\/\/api.w.org\/{rel}","templated":true}]}}